{"id":498,"date":"2025-08-26T11:11:17","date_gmt":"2025-08-26T11:11:17","guid":{"rendered":"https:\/\/veronika-eyring.de\/?page_id=498"},"modified":"2026-03-09T07:03:01","modified_gmt":"2026-03-09T07:03:01","slug":"research-and-projects","status":"publish","type":"page","link":"https:\/\/veronika-eyring.de\/research-and-projects\/","title":{"rendered":"Research and Projects"},"content":{"rendered":"\n<div class=\"wp-block-cover alignfull has-custom-content-position is-position-bottom-center\" style=\"margin-top:0;margin-bottom:0;padding-top:var(--wp--preset--spacing--50);padding-right:var(--wp--preset--spacing--50);padding-bottom:var(--wp--preset--spacing--50);padding-left:var(--wp--preset--spacing--50);min-height:30%;aspect-ratio:unset;\"><img loading=\"lazy\" decoding=\"async\" width=\"1024\" height=\"682\" class=\"wp-block-cover__image-background wp-image-134 size-large\" alt=\"\" src=\"https:\/\/veronika-eyring.de\/wp-content\/uploads\/2025\/05\/IPA-1024x682.jpeg\" style=\"object-position:28% 54%\" data-object-fit=\"cover\" data-object-position=\"28% 54%\" srcset=\"https:\/\/veronika-eyring.de\/wp-content\/uploads\/2025\/05\/IPA-1024x682.jpeg 1024w, https:\/\/veronika-eyring.de\/wp-content\/uploads\/2025\/05\/IPA-300x200.jpeg 300w, https:\/\/veronika-eyring.de\/wp-content\/uploads\/2025\/05\/IPA-768x512.jpeg 768w, https:\/\/veronika-eyring.de\/wp-content\/uploads\/2025\/05\/IPA-1536x1024.jpeg 1536w, https:\/\/veronika-eyring.de\/wp-content\/uploads\/2025\/05\/IPA.jpeg 2000w\" sizes=\"auto, (max-width: 1024px) 100vw, 1024px\" \/><span aria-hidden=\"true\" class=\"wp-block-cover__background has-contrast-background-color has-background-dim-40 has-background-dim\"><\/span><div class=\"wp-block-cover__inner-container has-global-padding is-layout-constrained wp-container-core-cover-is-layout-d89aad35 wp-block-cover-is-layout-constrained\">\n<div class=\"wp-block-group alignwide has-global-padding is-content-justification-left is-layout-constrained wp-container-core-group-is-layout-12dd3699 wp-block-group-is-layout-constrained\">\n<h2 class=\"wp-block-heading has-text-align-left\" style=\"font-size:clamp(18.959px, 1.185rem + ((1vw - 3.2px) * 1.082), 30px);\">Prof. Dr. habil. Veronika Eyring<\/h2>\n<\/div>\n<\/div><\/div>\n\n\n\n<div class=\"wp-block-group alignfull is-style-default has-background-background-color has-background has-global-padding is-layout-constrained wp-container-core-group-is-layout-268aa8c6 wp-block-group-is-layout-constrained\" style=\"border-top-style:none;border-top-width:0px;margin-top:var(--wp--preset--spacing--20);margin-bottom:var(--wp--preset--spacing--20);padding-top:0;padding-right:0;padding-bottom:0;padding-left:0\">\n<div class=\"wp-block-columns alignwide are-vertically-aligned-center is-style-default is-layout-flex wp-container-core-columns-is-layout-28232c24 wp-block-columns-is-layout-flex\">\n<div class=\"wp-block-column is-style-default is-layout-flow wp-block-column-is-layout-flow\" style=\"padding-top:0;padding-right:0;padding-bottom:0;padding-left:0;flex-basis:20%\">\n<div class=\"wp-block-columns is-layout-flex wp-container-core-columns-is-layout-28f84493 wp-block-columns-is-layout-flex\">\n<div class=\"wp-block-column is-layout-flow wp-block-column-is-layout-flow\">\n<div style=\"height:5px\" aria-hidden=\"true\" class=\"wp-block-spacer\"><\/div>\n<\/div>\n<\/div>\n\n\n\n<figure class=\"wp-block-image aligncenter size-large is-resized is-style-rounded\" style=\"margin-top:0;margin-bottom:0\"><img loading=\"lazy\" decoding=\"async\" width=\"768\" height=\"1024\" src=\"https:\/\/veronika-eyring.de\/wp-content\/uploads\/2025\/05\/VeronikaEyring-768x1024.png\" alt=\"\" class=\"wp-image-113\" style=\"width:160px\" srcset=\"https:\/\/veronika-eyring.de\/wp-content\/uploads\/2025\/05\/VeronikaEyring-768x1024.png 768w, https:\/\/veronika-eyring.de\/wp-content\/uploads\/2025\/05\/VeronikaEyring-225x300.png 225w, https:\/\/veronika-eyring.de\/wp-content\/uploads\/2025\/05\/VeronikaEyring-1152x1536.png 1152w, https:\/\/veronika-eyring.de\/wp-content\/uploads\/2025\/05\/VeronikaEyring-1536x2048.png 1536w, https:\/\/veronika-eyring.de\/wp-content\/uploads\/2025\/05\/VeronikaEyring.png 1875w\" sizes=\"auto, (max-width: 768px) 100vw, 768px\" \/><\/figure>\n<\/div>\n\n\n\n<div class=\"wp-block-column is-style-default is-layout-flow wp-block-column-is-layout-flow\" style=\"padding-top:0;padding-right:var(--wp--preset--spacing--30);padding-bottom:0;padding-left:var(--wp--preset--spacing--30);flex-basis:40%\">\n<div class=\"wp-block-columns is-layout-flex wp-container-core-columns-is-layout-28f84493 wp-block-columns-is-layout-flex\">\n<div class=\"wp-block-column is-layout-flow wp-block-column-is-layout-flow\">\n<h2 class=\"wp-block-heading\" style=\"margin-top:5px;font-size:14px;line-height:1.3\">Head of <a href=\"https:\/\/www.dlr.de\/en\/pa\/about-us\/departments\/earth-system-model-evaluation\" data-type=\"link\" data-id=\"https:\/\/www.dlr.de\/en\/pa\/about-us\/departments\/earth-system-model-evaluation\" target=\"_blank\" rel=\"noreferrer noopener\">Earth System Model Evaluation and Analysis Department<\/a><br>Deutsches Zentrum f\u00fcr Luft- und Raumfahrt e.V. (DLR)<\/h2>\n<\/div>\n<\/div>\n\n\n\n<div class=\"wp-block-columns is-layout-flex wp-container-core-columns-is-layout-28f84493 wp-block-columns-is-layout-flex\">\n<div class=\"wp-block-column is-layout-flow wp-block-column-is-layout-flow\">\n<div class=\"wp-block-columns is-layout-flex wp-container-core-columns-is-layout-36caf46c wp-block-columns-is-layout-flex\" style=\"padding-left:0\">\n<div class=\"wp-block-column is-layout-flow wp-block-column-is-layout-flow\" style=\"flex-basis:66.66%\">\n<p style=\"font-size:12px;line-height:1.3\">Institut f\u00fcr Physik der Atmosph\u00e4re (IPA)<br>Oberpfaffenhofen<br>82234 We\u00dfling, Germany<br>Phone:&nbsp;&nbsp;+49-8153-28-2533&nbsp;<br>E-Mail: veronika.eyring[at]dlr.de<br><a href=\"https:\/\/www.dlr.de\/en\" data-type=\"link\" data-id=\"https:\/\/www.dlr.de\/en\" target=\"_blank\" rel=\"noreferrer noopener\">https:\/\/www.dlr.de\/en<\/a><\/p>\n<\/div>\n\n\n\n<div class=\"wp-block-column is-vertically-aligned-center is-layout-flow wp-container-core-column-is-layout-63ad9b10 wp-block-column-is-layout-flow\" style=\"padding-bottom:0;flex-basis:33.33%\">\n<figure class=\"wp-block-image size-large is-resized\"><img loading=\"lazy\" decoding=\"async\" width=\"1024\" height=\"683\" src=\"https:\/\/veronika-eyring.de\/wp-content\/uploads\/2025\/05\/DLR-logo-1024x683.jpg\" alt=\"\" class=\"wp-image-122\" style=\"width:100px\" srcset=\"https:\/\/veronika-eyring.de\/wp-content\/uploads\/2025\/05\/DLR-logo-1024x683.jpg 1024w, https:\/\/veronika-eyring.de\/wp-content\/uploads\/2025\/05\/DLR-logo-300x200.jpg 300w, https:\/\/veronika-eyring.de\/wp-content\/uploads\/2025\/05\/DLR-logo-768x512.jpg 768w, https:\/\/veronika-eyring.de\/wp-content\/uploads\/2025\/05\/DLR-logo-1536x1024.jpg 1536w, https:\/\/veronika-eyring.de\/wp-content\/uploads\/2025\/05\/DLR-logo.jpg 1920w\" sizes=\"auto, (max-width: 1024px) 100vw, 1024px\" \/><\/figure>\n<\/div>\n<\/div>\n\n\n\n<p style=\"margin-top:8px;font-size:12px;line-height:1.3\">ORCID ID:&nbsp;<a href=\"http:\/\/orcid.org\/0000-0002-6887-4885\" target=\"_blank\" rel=\"noreferrer noopener\">orcid.org\/0000-0002-6887-4885<\/a><br>Google Scholar: see&nbsp;<a href=\"https:\/\/scholar.google.at\/citations?user=Y3i87foAAAAJ&amp;hl=de\" target=\"_blank\" rel=\"noreferrer noopener\">here<\/a> <br>Github: <a href=\"https:\/\/github.com\/EyringMLClimateGroup\" target=\"_blank\" rel=\"noreferrer noopener\">EyringMLClimateGroup<\/a>  |  <a href=\"https:\/\/github.com\/veyring\" target=\"_blank\" rel=\"noreferrer noopener\">Veronika Eyring<\/a> <\/p>\n<\/div>\n<\/div>\n<\/div>\n\n\n\n<div class=\"wp-block-column is-layout-flow wp-block-column-is-layout-flow\" style=\"padding-top:0;padding-right:var(--wp--preset--spacing--30);padding-bottom:0;padding-left:var(--wp--preset--spacing--30);flex-basis:40%\">\n<div class=\"wp-block-columns is-layout-flex wp-container-core-columns-is-layout-28f84493 wp-block-columns-is-layout-flex\">\n<div class=\"wp-block-column is-layout-flow wp-block-column-is-layout-flow\">\n<h2 class=\"wp-block-heading\" style=\"margin-top:5px;font-size:14px;line-height:1.3\">Professor and Chair of <a href=\"https:\/\/www.iup.uni-bremen.de\/eng\/research\/climate-modelling\/index.html\" data-type=\"link\" data-id=\"https:\/\/www.iup.uni-bremen.de\/deu\/forschung\/climate-modelling\/\" target=\"_blank\" rel=\"noreferrer noopener\">Climate Modelling<\/a><br>University of Bremen<\/h2>\n<\/div>\n<\/div>\n\n\n\n<div class=\"wp-block-columns is-layout-flex wp-container-core-columns-is-layout-28f84493 wp-block-columns-is-layout-flex\">\n<div class=\"wp-block-column is-layout-flow wp-block-column-is-layout-flow\" style=\"flex-basis:66.66%\">\n<p style=\"font-size:12px;line-height:1.3\">Institute of Environmental Physics (IUP)<br>Otto-Hahn-Allee 1<br>28359 Bremen, Germany<br>Phone:&nbsp; +49-421-218-62733<br><a href=\"http:\/\/www.iup.uni-bremen.de\/\" target=\"_blank\" rel=\"noreferrer noopener\">http:\/\/www.iup.uni-bremen.de\/<\/a><\/p>\n<\/div>\n\n\n\n<div class=\"wp-block-column is-vertically-aligned-center is-layout-flow wp-block-column-is-layout-flow\" style=\"flex-basis:33.33%\">\n<figure class=\"wp-block-image size-full is-resized\"><img loading=\"lazy\" decoding=\"async\" width=\"418\" height=\"150\" src=\"https:\/\/veronika-eyring.de\/wp-content\/uploads\/2025\/05\/UBremen.png\" alt=\"\" class=\"wp-image-123\" style=\"width:100px\" srcset=\"https:\/\/veronika-eyring.de\/wp-content\/uploads\/2025\/05\/UBremen.png 418w, https:\/\/veronika-eyring.de\/wp-content\/uploads\/2025\/05\/UBremen-300x108.png 300w\" sizes=\"auto, (max-width: 418px) 100vw, 418px\" \/><\/figure>\n<\/div>\n<\/div>\n\n\n\n<div class=\"wp-block-columns is-layout-flex wp-container-core-columns-is-layout-28f84493 wp-block-columns-is-layout-flex\">\n<div class=\"wp-block-column is-layout-flow wp-block-column-is-layout-flow\">\n<p style=\"margin-top:8px;font-size:12px;line-height:1.3\">Scopus Author ID:&nbsp;<a href=\"http:\/\/www.scopus.com\/inward\/authorDetails.url?authorID=13402933200&amp;partnerID=MN8TOARS\" target=\"_blank\" rel=\"noreferrer noopener\">13402933200<\/a><br>ResearcherID:&nbsp;<a href=\"http:\/\/www.researcherid.com\/ProfileView.action?returnCode=ROUTER.Success&amp;Init=Yes&amp;SrcApp=CR&amp;queryString=KG0UuZjN5Wld%252B6ijCZC6P48E%252FAnvcj69ROAua7UAqZw%253D&amp;SID=W2i7GjGasqEbLlTnVcr\" target=\"_blank\" rel=\"noreferrer noopener\">O-9999-2016<\/a><\/p>\n<\/div>\n<\/div>\n<\/div>\n<\/div>\n<\/div>\n\n\n\n<div class=\"wp-block-group alignfull is-style-section-5 has-global-padding is-layout-constrained wp-container-core-group-is-layout-97fdb500 wp-block-group-is-layout-constrained is-style-section-5--1\" style=\"margin-bottom:0;padding-top:var(--wp--preset--spacing--30);padding-bottom:var(--wp--preset--spacing--30);padding-left:0\">\n<div class=\"wp-block-group alignwide is-content-justification-space-between is-layout-flex wp-container-core-group-is-layout-b335dcbd wp-block-group-is-layout-flex\" style=\"padding-top:0;padding-right:var(--wp--preset--spacing--30);padding-bottom:0;padding-left:var(--wp--preset--spacing--30)\">\n<h2 class=\"wp-block-heading alignwide has-text-align-left is-style-default\" id=\"biography\" style=\"font-size:clamp(15.747px, 0.984rem + ((1vw - 3.2px) * 0.809), 24px);letter-spacing:3px;text-transform:uppercase\">Research &amp; Projects<\/h2>\n<\/div>\n<\/div>\n\n\n\n<div class=\"wp-block-group alignfull is-style-section-1 has-global-padding is-layout-constrained wp-container-core-group-is-layout-07d40d85 wp-block-group-is-layout-constrained is-style-section-1--2\" style=\"margin-top:0;padding-top:var(--wp--preset--spacing--30);padding-bottom:var(--wp--preset--spacing--40);line-height:1.2\">\n<div class=\"wp-block-group alignwide is-content-justification-space-between is-layout-flex wp-container-core-group-is-layout-3429b663 wp-block-group-is-layout-flex\" style=\"padding-right:var(--wp--preset--spacing--30);padding-left:var(--wp--preset--spacing--30)\">\n<h2 class=\"wp-block-heading alignwide has-text-align-left is-style-default\" style=\"font-size:14px;font-style:normal;font-weight:700;letter-spacing:1px;text-transform:none\">Understanding and Modelling the Earth System with Machine Lerning (USMILE)<\/h2>\n<\/div>\n\n\n\n<div class=\"wp-block-group alignwide is-layout-flow wp-block-group-is-layout-flow\" style=\"padding-right:var(--wp--preset--spacing--30);padding-left:var(--wp--preset--spacing--30);line-height:1.2\">\n<div class=\"wp-block-group has-medium-font-size is-layout-flow wp-block-group-is-layout-flow\" style=\"border-top-color:var(--wp--preset--color--accent-6);border-top-width:1px;padding-top:0;padding-bottom:0;font-style:normal;font-weight:300\">\n<ul style=\"margin-bottom:var(--wp--preset--spacing--30);font-size:14px;line-height:1.2\" class=\"wp-block-list\">\n<li>European Research Council (ERC) Synergy Grant on &#8222;<a href=\"https:\/\/www.usmile-erc.eu\/\" target=\"_blank\" rel=\"noreferrer noopener\">Understanding and Modelling the Earth System with Machine Learning (USMILE)<\/a>&#8222;<\/li>\n\n\n\n<li>German Research Foundation (DFG)&nbsp;<a href=\"https:\/\/www.dfg.de\/de\/gefoerderte-projekte\/preistraeger-innen\/leibniz-preis\/2021#eyring\" target=\"_blank\" rel=\"noreferrer noopener\">Gottfried Wilhelm Leibniz Prize in 2021<\/a><\/li>\n<\/ul>\n<\/div>\n<\/div>\n\n\n\n<div class=\"wp-block-group alignwide is-content-justification-space-between is-layout-flex wp-container-core-group-is-layout-3429b663 wp-block-group-is-layout-flex\" style=\"padding-right:var(--wp--preset--spacing--30);padding-left:var(--wp--preset--spacing--30)\">\n<h2 class=\"wp-block-heading alignwide has-text-align-left is-style-default\" style=\"font-size:14px;font-style:normal;font-weight:700;letter-spacing:1px;text-transform:none\">Earth System Model Evaluation and Analysis<\/h2>\n<\/div>\n\n\n\n<div class=\"wp-block-group alignwide is-layout-flow wp-block-group-is-layout-flow\" style=\"padding-right:var(--wp--preset--spacing--30);padding-left:var(--wp--preset--spacing--30);line-height:1.2\">\n<div class=\"wp-block-group has-medium-font-size is-layout-flow wp-block-group-is-layout-flow\" style=\"border-top-color:var(--wp--preset--color--accent-6);border-top-width:1px;padding-top:0;padding-bottom:0;font-style:normal;font-weight:300\">\n<ul style=\"margin-bottom:var(--wp--preset--spacing--30);font-size:14px;line-height:1.2\" class=\"wp-block-list\">\n<li><strong>Research themes of the Department&nbsp;Earth System Model Evaluation and Analysis&nbsp;(see&nbsp;<a href=\"https:\/\/www.dlr.de\/en\/pa\/about-us\/departments\/earth-system-model-evaluation\" target=\"_blank\" rel=\"noreferrer noopener\">here<\/a>)<\/strong><\/li>\n\n\n\n<li><strong>Current projects (selected)<\/strong>\n<ul class=\"wp-block-list\">\n<li>Coupled Model Intercomparison Project of the World Climate Research Programme&nbsp;<a href=\"https:\/\/www.wcrp-climate.org\/wgcm-cmip\" target=\"_blank\" rel=\"noreferrer noopener\">(CMIP)<\/a><\/li>\n\n\n\n<li>Development of the community-wide&nbsp;<a href=\"http:\/\/www.esmvaltool.org\/\" target=\"_blank\" rel=\"noreferrer noopener\">Earth System Model Evaluation Tool (ESMValTool)<\/a><\/li>\n\n\n\n<li>EU Horizon 2020 Earth system models for the future (<a href=\"https:\/\/www.esm2025.eu\/\" target=\"_blank\" rel=\"noreferrer noopener\">ESM2025<\/a>)<\/li>\n\n\n\n<li>European Union&#8217;s Horizon Europe Artificial Intelligence and Machine Learning for Enhanced Representation of Processes and Extremes in Earth System Models (<a href=\"https:\/\/ai4pex.org\/\" target=\"_blank\" rel=\"noreferrer noopener\">AI4PEX<\/a>)<\/li>\n\n\n\n<li>BMBF funded German contribution to the Coupled Model Intercomparison Project (<a href=\"https:\/\/www.dwd.de\/EN\/research\/projects\/cap7\/cap7_node.html;jsessionid=6C0E70B204FD35B1548736461E938D38.live21062\" target=\"_blank\" rel=\"noreferrer noopener\">CAP7<\/a>)<\/li>\n\n\n\n<li>ESA Climate Change Initiative (CCI) Climate Modelling User Group (<a href=\"https:\/\/climate.esa.int\/en\/projects\/cmug\/\" target=\"_blank\" rel=\"noreferrer noopener\">CMUG<\/a>)<\/li>\n<\/ul>\n<\/li>\n\n\n\n<li><strong>Previous Projects (selected)<\/strong>\n<ul class=\"wp-block-list\">\n<li>EU Horzizon 2020&nbsp;InfraStructure for the European Network for Earth System Modelling&nbsp;(<a href=\"https:\/\/cordis.europa.eu\/project\/id\/824084\" target=\"_blank\" rel=\"noreferrer noopener\">IS-ENES<\/a>)<\/li>\n\n\n\n<li>EU Horizon 2020&nbsp;<a href=\"https:\/\/cordis.europa.eu\/project\/id\/821003\" target=\"_blank\" rel=\"noreferrer noopener\">Climate-Carbon Interactions in the Current Century (4C)<\/a><\/li>\n\n\n\n<li>Helmholtz-Society&nbsp;Advanced Earth System Model Evaluation for CMIP (EVal4CMIP)<\/li>\n\n\n\n<li>BMBF Verbundprojekt CMIP6: Bereitstellung des nationalen Beitrags zur Datenbasis des IPCC\/AR6&nbsp; und Unterst\u00fctzung der CMIP6+-Aktivit\u00e4ten in Deutschland<\/li>\n\n\n\n<li>EU Horizon 2020 Coordinated Research in Earth Systems and Climate: Experiments, kNowledge, Dissemination and Outreach (<a href=\"https:\/\/cinea.ec.europa.eu\/featured-projects\/crescendo_en\" target=\"_blank\" rel=\"noreferrer noopener\">CRESCENDO<\/a>)<\/li>\n\n\n\n<li><a href=\"https:\/\/blogs.reading.ac.uk\/ccmi\/\" target=\"_blank\" rel=\"noreferrer noopener\">IGAC\/SPARC Chemistry-Climate Model Initiative (CCMI)<\/a><\/li>\n\n\n\n<li>Chemistry Climate Model Validation Activity for SPARC (<a href=\"http:\/\/www.pa.op.dlr.de\/CCMVal\/\" target=\"_blank\" rel=\"noreferrer noopener\">CCMVal<\/a>)<\/li>\n\n\n\n<li>Copernicus Climate Change Service Metrics and Access to Global Indices for Climate Projections (<a href=\"https:\/\/c3s-magic.readthedocs.io\/en\/latest\/\" target=\"_blank\" rel=\"noreferrer noopener\">C3S-MAGIC<\/a>)<\/li>\n\n\n\n<li>DLR Project Earth System Model Validation&nbsp;<a href=\"http:\/\/www.pa.op.dlr.de\/ESMVal\/\" target=\"_blank\" rel=\"noreferrer noopener\">(ESMVal)<\/a><\/li>\n\n\n\n<li>EU FP7 Project Earth system Model Bias Reduction and assessing Abrupt Climate change&nbsp;(EMBRACE)<\/li>\n\n\n\n<li>MiKlip &#8211; Decadal Predictions,&nbsp;Climate Model Validation by confronting globally Essential Climate Variables from models with observations&nbsp;<a href=\"https:\/\/www.fona-miklip.de\/1\/forschung\/miklip-i-miklip-first-phase\/modul-e\/climval\/index.html\" target=\"_blank\" rel=\"noreferrer noopener\">(ClimVal)<\/a><\/li>\n\n\n\n<li>SCOUT-O3 Validation and Intercomparison of Coupled Chemistry Climate Models (<a href=\"http:\/\/www.pa.op.dlr.de\/SCOUTO3\" target=\"_blank\" rel=\"noreferrer noopener\">Work package 1.1<\/a>)<\/li>\n\n\n\n<li>Atmospherical processes in a changing climate (<a href=\"http:\/\/www.pa.op.dlr.de\/kodyacs\/\" target=\"_blank\" rel=\"noreferrer noopener\">AFO 2000\/KODYACS, TOPOZ III<\/a>)<\/li>\n<\/ul>\n<\/li>\n<\/ul>\n<\/div>\n<\/div>\n\n\n\n<div class=\"wp-block-group alignwide is-content-justification-space-between is-layout-flex wp-container-core-group-is-layout-3429b663 wp-block-group-is-layout-flex\" style=\"padding-right:var(--wp--preset--spacing--30);padding-left:var(--wp--preset--spacing--30)\">\n<h2 class=\"wp-block-heading alignwide has-text-align-left is-style-default\" style=\"font-size:14px;font-style:normal;font-weight:700;letter-spacing:1px;text-transform:none\">Impact of Ship Emissions on Atmosphere and Climate (until 2012)<\/h2>\n<\/div>\n\n\n\n<div class=\"wp-block-group alignwide is-layout-flow wp-block-group-is-layout-flow\" style=\"padding-right:var(--wp--preset--spacing--30);padding-left:var(--wp--preset--spacing--30)\">\n<div class=\"wp-block-group has-medium-font-size is-layout-flow wp-block-group-is-layout-flow\" style=\"border-top-color:var(--wp--preset--color--accent-6);border-top-width:1px;padding-top:0;padding-bottom:0;font-style:normal;font-weight:300\">\n<ul style=\"font-size:14px;line-height:1.2\" class=\"wp-block-list\">\n<li>Historical emissions from&nbsp;Eyring, V., H.W. K\u00f6hler, J. van Aardenne, and A. Lauer (2005),&nbsp;<a href=\"https:\/\/agupubs.onlinelibrary.wiley.com\/doi\/full\/10.1029\/2004JD005619\" target=\"_blank\" rel=\"noreferrer noopener\">Emissions from international shipping: 1. The last 50 years<\/a>,&nbsp;<em>J. Geophys. Res.<\/em>, 110, D17305, doi:10.1029\/2004JD005619.&nbsp;<em>Donwload emission totals from 1950 to 2100 as xls-file&nbsp;<a href=\"http:\/\/www.pa.op.dlr.de\/%7EVeronikaEyring\/shipemissions\/all_1950-2001.xls\" target=\"_blank\" rel=\"noreferrer noopener\">here &#8230;<\/a><\/em><\/li>\n\n\n\n<li>Future emissions from Eyring, V., H. W. K\u00f6hler, A. Lauer, and B. Lemper (2005),&nbsp;<a href=\"https:\/\/agupubs.onlinelibrary.wiley.com\/doi\/10.1029\/2004JD005620\" target=\"_blank\" rel=\"noreferrer noopener\">Emissions from international shipping: 2. Impact of future technologies on scenarios until 2050<\/a>,<em>&nbsp;J. Geophys. Res.<\/em>, 110, D17306, doi:10.1029\/2004JD005620.&nbsp;<em>Download emission totals from from 2001 to 2050 as tar.gz-file&nbsp;<a href=\"http:\/\/www.pa.op.dlr.de\/%7EVeronikaEyring\/shipemissions\/shipemis_2001-2050.tar.gz\" target=\"_blank\" rel=\"noreferrer noopener\">here&#8230;<\/a><\/em><\/li>\n<\/ul>\n<\/div>\n<\/div>\n<\/div>\n","protected":false},"excerpt":{"rendered":"<p>Head of Earth System Model Evaluation and Analysis DepartmentDeutsches Zentrum f\u00fcr Luft- und Raumfahrt e.V. (DLR) Institut f\u00fcr Physik der Atmosph\u00e4re (IPA)Oberpfaffenhofen82234 We\u00dfling, GermanyPhone:&nbsp;&nbsp;+49-8153-28-2533&nbsp;E-Mail: veronika.eyring[at]dlr.dehttps:\/\/www.dlr.de\/en ORCID ID:&nbsp;orcid.org\/0000-0002-6887-4885Google Scholar: see&nbsp;here Github: EyringMLClimateGroup | Veronika Eyring Professor and Chair of Climate ModellingUniversity of Bremen Institute of Environmental Physics (IUP)Otto-Hahn-Allee 128359 Bremen, GermanyPhone:&nbsp; +49-421-218-62733http:\/\/www.iup.uni-bremen.de\/ Scopus Author ID:&nbsp;13402933200ResearcherID:&nbsp;O-9999-2016 Research [&hellip;]<\/p>\n","protected":false},"author":2,"featured_media":0,"parent":0,"menu_order":0,"comment_status":"closed","ping_status":"closed","template":"page-no-title","meta":{"footnotes":""},"class_list":["post-498","page","type-page","status-publish","hentry"],"_links":{"self":[{"href":"https:\/\/veronika-eyring.de\/wp-json\/wp\/v2\/pages\/498","targetHints":{"allow":["GET"]}}],"collection":[{"href":"https:\/\/veronika-eyring.de\/wp-json\/wp\/v2\/pages"}],"about":[{"href":"https:\/\/veronika-eyring.de\/wp-json\/wp\/v2\/types\/page"}],"author":[{"embeddable":true,"href":"https:\/\/veronika-eyring.de\/wp-json\/wp\/v2\/users\/2"}],"replies":[{"embeddable":true,"href":"https:\/\/veronika-eyring.de\/wp-json\/wp\/v2\/comments?post=498"}],"version-history":[{"count":20,"href":"https:\/\/veronika-eyring.de\/wp-json\/wp\/v2\/pages\/498\/revisions"}],"predecessor-version":[{"id":933,"href":"https:\/\/veronika-eyring.de\/wp-json\/wp\/v2\/pages\/498\/revisions\/933"}],"wp:attachment":[{"href":"https:\/\/veronika-eyring.de\/wp-json\/wp\/v2\/media?parent=498"}],"curies":[{"name":"wp","href":"https:\/\/api.w.org\/{rel}","templated":true}]}}