{"id":509,"date":"2025-08-26T11:22:55","date_gmt":"2025-08-26T11:22:55","guid":{"rendered":"https:\/\/veronika-eyring.de\/?page_id=509"},"modified":"2026-03-09T07:02:06","modified_gmt":"2026-03-09T07:02:06","slug":"lectures","status":"publish","type":"page","link":"https:\/\/veronika-eyring.de\/lectures\/","title":{"rendered":"Lectures"},"content":{"rendered":"\n<div class=\"wp-block-cover alignfull has-custom-content-position is-position-bottom-center\" style=\"margin-top:0;margin-bottom:0;padding-top:var(--wp--preset--spacing--50);padding-right:var(--wp--preset--spacing--50);padding-bottom:var(--wp--preset--spacing--50);padding-left:var(--wp--preset--spacing--50);min-height:30%;aspect-ratio:unset;\"><img loading=\"lazy\" decoding=\"async\" width=\"1024\" height=\"682\" class=\"wp-block-cover__image-background wp-image-134 size-large\" alt=\"\" src=\"https:\/\/veronika-eyring.de\/wp-content\/uploads\/2025\/05\/IPA-1024x682.jpeg\" style=\"object-position:28% 54%\" data-object-fit=\"cover\" data-object-position=\"28% 54%\" srcset=\"https:\/\/veronika-eyring.de\/wp-content\/uploads\/2025\/05\/IPA-1024x682.jpeg 1024w, https:\/\/veronika-eyring.de\/wp-content\/uploads\/2025\/05\/IPA-300x200.jpeg 300w, https:\/\/veronika-eyring.de\/wp-content\/uploads\/2025\/05\/IPA-768x512.jpeg 768w, https:\/\/veronika-eyring.de\/wp-content\/uploads\/2025\/05\/IPA-1536x1024.jpeg 1536w, https:\/\/veronika-eyring.de\/wp-content\/uploads\/2025\/05\/IPA.jpeg 2000w\" sizes=\"auto, (max-width: 1024px) 100vw, 1024px\" \/><span aria-hidden=\"true\" class=\"wp-block-cover__background has-contrast-background-color has-background-dim-40 has-background-dim\"><\/span><div class=\"wp-block-cover__inner-container has-global-padding is-layout-constrained wp-container-core-cover-is-layout-d89aad35 wp-block-cover-is-layout-constrained\">\n<div class=\"wp-block-group alignwide has-global-padding is-content-justification-left is-layout-constrained wp-container-core-group-is-layout-12dd3699 wp-block-group-is-layout-constrained\">\n<h2 class=\"wp-block-heading has-text-align-left\" style=\"font-size:clamp(18.959px, 1.185rem + ((1vw - 3.2px) * 1.082), 30px);\">Prof. Dr. habil. Veronika Eyring<\/h2>\n<\/div>\n<\/div><\/div>\n\n\n\n<div class=\"wp-block-group alignfull is-style-default has-background-background-color has-background has-global-padding is-layout-constrained wp-container-core-group-is-layout-268aa8c6 wp-block-group-is-layout-constrained\" style=\"border-top-style:none;border-top-width:0px;margin-top:var(--wp--preset--spacing--20);margin-bottom:var(--wp--preset--spacing--20);padding-top:0;padding-right:0;padding-bottom:0;padding-left:0\">\n<div class=\"wp-block-columns alignwide are-vertically-aligned-center is-style-default is-layout-flex wp-container-core-columns-is-layout-28232c24 wp-block-columns-is-layout-flex\">\n<div class=\"wp-block-column is-style-default is-layout-flow wp-block-column-is-layout-flow\" style=\"padding-top:0;padding-right:0;padding-bottom:0;padding-left:0;flex-basis:20%\">\n<div class=\"wp-block-columns is-layout-flex wp-container-core-columns-is-layout-28f84493 wp-block-columns-is-layout-flex\">\n<div class=\"wp-block-column is-layout-flow wp-block-column-is-layout-flow\">\n<div style=\"height:5px\" aria-hidden=\"true\" class=\"wp-block-spacer\"><\/div>\n<\/div>\n<\/div>\n\n\n\n<figure class=\"wp-block-image aligncenter size-large is-resized is-style-rounded\" style=\"margin-top:0;margin-bottom:0\"><img loading=\"lazy\" decoding=\"async\" width=\"768\" height=\"1024\" src=\"https:\/\/veronika-eyring.de\/wp-content\/uploads\/2025\/05\/VeronikaEyring-768x1024.png\" alt=\"\" class=\"wp-image-113\" style=\"width:160px\" srcset=\"https:\/\/veronika-eyring.de\/wp-content\/uploads\/2025\/05\/VeronikaEyring-768x1024.png 768w, https:\/\/veronika-eyring.de\/wp-content\/uploads\/2025\/05\/VeronikaEyring-225x300.png 225w, https:\/\/veronika-eyring.de\/wp-content\/uploads\/2025\/05\/VeronikaEyring-1152x1536.png 1152w, https:\/\/veronika-eyring.de\/wp-content\/uploads\/2025\/05\/VeronikaEyring-1536x2048.png 1536w, https:\/\/veronika-eyring.de\/wp-content\/uploads\/2025\/05\/VeronikaEyring.png 1875w\" sizes=\"auto, (max-width: 768px) 100vw, 768px\" \/><\/figure>\n<\/div>\n\n\n\n<div class=\"wp-block-column is-style-default is-layout-flow wp-block-column-is-layout-flow\" style=\"padding-top:0;padding-right:var(--wp--preset--spacing--30);padding-bottom:0;padding-left:var(--wp--preset--spacing--30);flex-basis:40%\">\n<div class=\"wp-block-columns is-layout-flex wp-container-core-columns-is-layout-28f84493 wp-block-columns-is-layout-flex\">\n<div class=\"wp-block-column is-layout-flow wp-block-column-is-layout-flow\">\n<h2 class=\"wp-block-heading\" style=\"margin-top:5px;font-size:14px;line-height:1.3\">Head of <a href=\"https:\/\/www.dlr.de\/en\/pa\/about-us\/departments\/earth-system-model-evaluation\" data-type=\"link\" data-id=\"https:\/\/www.dlr.de\/en\/pa\/about-us\/departments\/earth-system-model-evaluation\" target=\"_blank\" rel=\"noreferrer noopener\">Earth System Model Evaluation and Analysis Department<\/a><br>Deutsches Zentrum f\u00fcr Luft- und Raumfahrt e.V. (DLR)<\/h2>\n<\/div>\n<\/div>\n\n\n\n<div class=\"wp-block-columns is-layout-flex wp-container-core-columns-is-layout-28f84493 wp-block-columns-is-layout-flex\">\n<div class=\"wp-block-column is-layout-flow wp-block-column-is-layout-flow\">\n<div class=\"wp-block-columns is-layout-flex wp-container-core-columns-is-layout-36caf46c wp-block-columns-is-layout-flex\" style=\"padding-left:0\">\n<div class=\"wp-block-column is-layout-flow wp-block-column-is-layout-flow\" style=\"flex-basis:66.66%\">\n<p style=\"font-size:12px;line-height:1.3\">Institut f\u00fcr Physik der Atmosph\u00e4re (IPA)<br>Oberpfaffenhofen<br>82234 We\u00dfling, Germany<br>Phone:&nbsp;&nbsp;+49-8153-28-2533&nbsp;<br>E-Mail: veronika.eyring[at]dlr.de<br><a href=\"https:\/\/www.dlr.de\/en\" data-type=\"link\" data-id=\"https:\/\/www.dlr.de\/en\" target=\"_blank\" rel=\"noreferrer noopener\">https:\/\/www.dlr.de\/en<\/a><\/p>\n<\/div>\n\n\n\n<div class=\"wp-block-column is-vertically-aligned-center is-layout-flow wp-container-core-column-is-layout-63ad9b10 wp-block-column-is-layout-flow\" style=\"padding-bottom:0;flex-basis:33.33%\">\n<figure class=\"wp-block-image size-large is-resized\"><img loading=\"lazy\" decoding=\"async\" width=\"1024\" height=\"683\" src=\"https:\/\/veronika-eyring.de\/wp-content\/uploads\/2025\/05\/DLR-logo-1024x683.jpg\" alt=\"\" class=\"wp-image-122\" style=\"width:100px\" srcset=\"https:\/\/veronika-eyring.de\/wp-content\/uploads\/2025\/05\/DLR-logo-1024x683.jpg 1024w, https:\/\/veronika-eyring.de\/wp-content\/uploads\/2025\/05\/DLR-logo-300x200.jpg 300w, https:\/\/veronika-eyring.de\/wp-content\/uploads\/2025\/05\/DLR-logo-768x512.jpg 768w, https:\/\/veronika-eyring.de\/wp-content\/uploads\/2025\/05\/DLR-logo-1536x1024.jpg 1536w, https:\/\/veronika-eyring.de\/wp-content\/uploads\/2025\/05\/DLR-logo.jpg 1920w\" sizes=\"auto, (max-width: 1024px) 100vw, 1024px\" \/><\/figure>\n<\/div>\n<\/div>\n\n\n\n<p style=\"margin-top:8px;font-size:12px;line-height:1.3\">ORCID ID:&nbsp;<a href=\"http:\/\/orcid.org\/0000-0002-6887-4885\" target=\"_blank\" rel=\"noreferrer noopener\">orcid.org\/0000-0002-6887-4885<\/a><br>Google Scholar: see&nbsp;<a href=\"https:\/\/scholar.google.at\/citations?user=Y3i87foAAAAJ&amp;hl=de\" target=\"_blank\" rel=\"noreferrer noopener\">here<\/a> <br>Github: <a href=\"https:\/\/github.com\/EyringMLClimateGroup\" target=\"_blank\" rel=\"noreferrer noopener\">EyringMLClimateGroup<\/a>  |  <a href=\"https:\/\/github.com\/veyring\" target=\"_blank\" rel=\"noreferrer noopener\">Veronika Eyring<\/a> <\/p>\n<\/div>\n<\/div>\n<\/div>\n\n\n\n<div class=\"wp-block-column is-layout-flow wp-block-column-is-layout-flow\" style=\"padding-top:0;padding-right:var(--wp--preset--spacing--30);padding-bottom:0;padding-left:var(--wp--preset--spacing--30);flex-basis:40%\">\n<div class=\"wp-block-columns is-layout-flex wp-container-core-columns-is-layout-28f84493 wp-block-columns-is-layout-flex\">\n<div class=\"wp-block-column is-layout-flow wp-block-column-is-layout-flow\">\n<h2 class=\"wp-block-heading\" style=\"margin-top:5px;font-size:14px;line-height:1.3\">Professor and Chair of <a href=\"https:\/\/www.iup.uni-bremen.de\/eng\/research\/climate-modelling\/index.html\" data-type=\"link\" data-id=\"https:\/\/www.iup.uni-bremen.de\/deu\/forschung\/climate-modelling\/\" target=\"_blank\" rel=\"noreferrer noopener\">Climate Modelling<\/a><br>University of Bremen<\/h2>\n<\/div>\n<\/div>\n\n\n\n<div class=\"wp-block-columns is-layout-flex wp-container-core-columns-is-layout-28f84493 wp-block-columns-is-layout-flex\">\n<div class=\"wp-block-column is-layout-flow wp-block-column-is-layout-flow\" style=\"flex-basis:66.66%\">\n<p style=\"font-size:12px;line-height:1.3\">Institute of Environmental Physics (IUP)<br>Otto-Hahn-Allee 1<br>28359 Bremen, Germany<br>Phone:&nbsp; +49-421-218-62733<br><a href=\"http:\/\/www.iup.uni-bremen.de\/\" target=\"_blank\" rel=\"noreferrer noopener\">http:\/\/www.iup.uni-bremen.de\/<\/a><\/p>\n<\/div>\n\n\n\n<div class=\"wp-block-column is-vertically-aligned-center is-layout-flow wp-block-column-is-layout-flow\" style=\"flex-basis:33.33%\">\n<figure class=\"wp-block-image size-full is-resized\"><img loading=\"lazy\" decoding=\"async\" width=\"418\" height=\"150\" src=\"https:\/\/veronika-eyring.de\/wp-content\/uploads\/2025\/05\/UBremen.png\" alt=\"\" class=\"wp-image-123\" style=\"width:100px\" srcset=\"https:\/\/veronika-eyring.de\/wp-content\/uploads\/2025\/05\/UBremen.png 418w, https:\/\/veronika-eyring.de\/wp-content\/uploads\/2025\/05\/UBremen-300x108.png 300w\" sizes=\"auto, (max-width: 418px) 100vw, 418px\" \/><\/figure>\n<\/div>\n<\/div>\n\n\n\n<div class=\"wp-block-columns is-layout-flex wp-container-core-columns-is-layout-28f84493 wp-block-columns-is-layout-flex\">\n<div class=\"wp-block-column is-layout-flow wp-block-column-is-layout-flow\">\n<p style=\"margin-top:8px;font-size:12px;line-height:1.3\">Scopus Author ID:&nbsp;<a href=\"http:\/\/www.scopus.com\/inward\/authorDetails.url?authorID=13402933200&amp;partnerID=MN8TOARS\" target=\"_blank\" rel=\"noreferrer noopener\">13402933200<\/a><br>ResearcherID:&nbsp;<a href=\"http:\/\/www.researcherid.com\/ProfileView.action?returnCode=ROUTER.Success&amp;Init=Yes&amp;SrcApp=CR&amp;queryString=KG0UuZjN5Wld%252B6ijCZC6P48E%252FAnvcj69ROAua7UAqZw%253D&amp;SID=W2i7GjGasqEbLlTnVcr\" target=\"_blank\" rel=\"noreferrer noopener\">O-9999-2016<\/a><\/p>\n<\/div>\n<\/div>\n<\/div>\n<\/div>\n<\/div>\n\n\n\n<div class=\"wp-block-group alignfull is-style-section-5 has-global-padding is-layout-constrained wp-container-core-group-is-layout-97fdb500 wp-block-group-is-layout-constrained is-style-section-5--1\" style=\"margin-bottom:0;padding-top:var(--wp--preset--spacing--30);padding-bottom:var(--wp--preset--spacing--30);padding-left:0\">\n<div class=\"wp-block-group alignwide is-content-justification-space-between is-layout-flex wp-container-core-group-is-layout-b335dcbd wp-block-group-is-layout-flex\" style=\"padding-top:0;padding-right:var(--wp--preset--spacing--30);padding-bottom:0;padding-left:var(--wp--preset--spacing--30)\">\n<h2 class=\"wp-block-heading alignwide has-text-align-left is-style-default\" id=\"biography\" style=\"font-size:clamp(15.747px, 0.984rem + ((1vw - 3.2px) * 0.809), 24px);letter-spacing:3px;text-transform:uppercase\">Lectures<\/h2>\n<\/div>\n<\/div>\n\n\n\n<div class=\"wp-block-group alignfull is-style-section-1 has-global-padding is-layout-constrained wp-container-core-group-is-layout-3257a902 wp-block-group-is-layout-constrained is-style-section-1--2\" style=\"margin-top:0;margin-bottom:0;padding-top:var(--wp--preset--spacing--30);padding-bottom:var(--wp--preset--spacing--40)\">\n<div class=\"wp-block-group alignwide is-content-justification-space-between is-layout-flex wp-container-core-group-is-layout-3429b663 wp-block-group-is-layout-flex\" style=\"padding-right:var(--wp--preset--spacing--30);padding-left:var(--wp--preset--spacing--30)\">\n<h2 class=\"wp-block-heading alignwide has-text-align-left is-style-default\" style=\"font-size:14px;font-style:normal;font-weight:700;letter-spacing:1px;text-transform:none\">University of Bremen<\/h2>\n<\/div>\n\n\n\n<div class=\"wp-block-group alignwide is-layout-flow wp-block-group-is-layout-flow\" style=\"padding-right:var(--wp--preset--spacing--30);padding-left:var(--wp--preset--spacing--30);line-height:1.3\">\n<div class=\"wp-block-group has-medium-font-size is-layout-flow wp-block-group-is-layout-flow\" style=\"border-top-color:var(--wp--preset--color--accent-6);border-top-width:1px;padding-top:0;padding-bottom:0;font-style:normal;font-weight:300\">\n<ul style=\"margin-bottom:var(--wp--preset--spacing--30)\" class=\"wp-block-list has-medium-font-size\">\n<li class=\"has-small-font-size\">Since 2018:&nbsp;Climate Modelling: Part 2&nbsp;(Winter term)<\/li>\n\n\n\n<li class=\"has-small-font-size\">Since 2017:&nbsp;Climate Modelling: Part 1&nbsp;(Summer term)<\/li>\n\n\n\n<li class=\"has-small-font-size\">Climate Physics (Summer term 2008)<\/li>\n\n\n\n<li class=\"has-small-font-size\">An Introduction to Global Atmospheric Modeling, Part 1 (Summer term 2009)<\/li>\n\n\n\n<li class=\"has-small-font-size\">An Introduction to Global Atmospheric Modeling, Part 2<\/li>\n\n\n\n<li class=\"has-small-font-size\">Atom- und Molek\u00fclphysik (Sommersemester 2005)<\/li>\n\n\n\n<li class=\"has-small-font-size\">Climate and Chemistry (Summer term 2005)<\/li>\n\n\n\n<li class=\"has-small-font-size\">Tropospheric Chemistry (Winter term 2005\/2006)<\/li>\n\n\n\n<li class=\"has-small-font-size\">An Introduction to Global Atmospheric Modeling (Winter term 2004\/2005)<\/li>\n<\/ul>\n<\/div>\n<\/div>\n\n\n\n<div class=\"wp-block-group alignwide is-content-justification-space-between is-layout-flex wp-container-core-group-is-layout-3429b663 wp-block-group-is-layout-flex\" style=\"padding-right:var(--wp--preset--spacing--30);padding-left:var(--wp--preset--spacing--30)\">\n<h2 class=\"wp-block-heading alignwide has-text-align-left is-style-default\" style=\"font-size:14px;font-style:normal;font-weight:700;letter-spacing:1px;text-transform:none\"><strong>LMU<\/strong> (until 2017)<\/h2>\n<\/div>\n\n\n\n<div class=\"wp-block-group alignwide is-layout-flow wp-block-group-is-layout-flow\" style=\"padding-right:var(--wp--preset--spacing--30);padding-left:var(--wp--preset--spacing--30);line-height:1.3\">\n<div class=\"wp-block-group has-medium-font-size is-layout-flow wp-block-group-is-layout-flow\" style=\"border-top-color:var(--wp--preset--color--accent-6);border-top-width:1px;padding-top:0;padding-bottom:0;font-style:normal;font-weight:300\">\n<ul class=\"wp-block-list has-medium-font-size\">\n<li class=\"has-small-font-size\">An Introduction to Global Atmospheric Modeling (Sommersemester 2011)<\/li>\n\n\n\n<li class=\"has-small-font-size\">An Introduction to Global Atmospheric Modeling (Sommersemester 2012)<\/li>\n\n\n\n<li class=\"has-small-font-size\">An Introduction to Global Atmospheric Modeling (Sommersemester 2013)<\/li>\n\n\n\n<li class=\"has-small-font-size\">An Introduction to Global Earth System Modeling (Sommersemester 2014-2017)<\/li>\n<\/ul>\n<\/div>\n<\/div>\n<\/div>\n","protected":false},"excerpt":{"rendered":"<p>Head of Earth System Model Evaluation and Analysis DepartmentDeutsches Zentrum f\u00fcr Luft- und Raumfahrt e.V. (DLR) Institut f\u00fcr Physik der Atmosph\u00e4re (IPA)Oberpfaffenhofen82234 We\u00dfling, GermanyPhone:&nbsp;&nbsp;+49-8153-28-2533&nbsp;E-Mail: veronika.eyring[at]dlr.dehttps:\/\/www.dlr.de\/en ORCID ID:&nbsp;orcid.org\/0000-0002-6887-4885Google Scholar: see&nbsp;here Github: EyringMLClimateGroup | Veronika Eyring Professor and Chair of Climate ModellingUniversity of Bremen Institute of Environmental Physics (IUP)Otto-Hahn-Allee 128359 Bremen, GermanyPhone:&nbsp; +49-421-218-62733http:\/\/www.iup.uni-bremen.de\/ Scopus Author ID:&nbsp;13402933200ResearcherID:&nbsp;O-9999-2016 Lectures [&hellip;]<\/p>\n","protected":false},"author":2,"featured_media":0,"parent":0,"menu_order":0,"comment_status":"closed","ping_status":"closed","template":"page-no-title","meta":{"footnotes":""},"class_list":["post-509","page","type-page","status-publish","hentry"],"_links":{"self":[{"href":"https:\/\/veronika-eyring.de\/wp-json\/wp\/v2\/pages\/509","targetHints":{"allow":["GET"]}}],"collection":[{"href":"https:\/\/veronika-eyring.de\/wp-json\/wp\/v2\/pages"}],"about":[{"href":"https:\/\/veronika-eyring.de\/wp-json\/wp\/v2\/types\/page"}],"author":[{"embeddable":true,"href":"https:\/\/veronika-eyring.de\/wp-json\/wp\/v2\/users\/2"}],"replies":[{"embeddable":true,"href":"https:\/\/veronika-eyring.de\/wp-json\/wp\/v2\/comments?post=509"}],"version-history":[{"count":10,"href":"https:\/\/veronika-eyring.de\/wp-json\/wp\/v2\/pages\/509\/revisions"}],"predecessor-version":[{"id":929,"href":"https:\/\/veronika-eyring.de\/wp-json\/wp\/v2\/pages\/509\/revisions\/929"}],"wp:attachment":[{"href":"https:\/\/veronika-eyring.de\/wp-json\/wp\/v2\/media?parent=509"}],"curies":[{"name":"wp","href":"https:\/\/api.w.org\/{rel}","templated":true}]}}