{"id":18,"date":"2019-07-23T13:19:54","date_gmt":"2019-07-23T13:19:54","guid":{"rendered":"https:\/\/www.pa.op.dlr.de\/southtrac\/?page_id=18"},"modified":"2019-10-02T03:56:28","modified_gmt":"2019-10-02T03:56:28","slug":"partners","status":"publish","type":"page","link":"https:\/\/www.pa.op.dlr.de\/southtrac\/home\/general-information\/partners\/","title":{"rendered":"Partners"},"content":{"rendered":"<table style=\"width: 558px\">\n<tbody>\n<tr>\n<td style=\"width: 174.233px;text-align: center\"><a href=\"https:\/\/www.dlr.de\/pa\/\" target=\"_blank\" rel=\"noopener\"><img decoding=\"async\" class=\"alignnone wp-image-326\" src=\"https:\/\/www.pa.op.dlr.de\/southtrac\/wp-content\/uploads\/sites\/6\/2019\/08\/DLR_Logo.svg\" alt=\"DLR IPA\" width=\"59.81\" height=\"55\" \/><\/a><\/td>\n<td style=\"width: 345.767px;vertical-align: middle\">Deutsches Zentrum f\u00fcr Luft- und Raumfahrt<\/td>\n<\/tr>\n<tr>\n<td style=\"width: 174.233px;text-align: center\"><a title=\"KIT IMF-ASF\" href=\"https:\/\/www.imk-asf.kit.edu\/index.php\" target=\"_blank\" rel=\"noopener\"> <img loading=\"lazy\" decoding=\"async\" class=\"wp-image-323 alignnone\" src=\"https:\/\/www.pa.op.dlr.de\/southtrac\/wp-content\/uploads\/sites\/6\/2019\/08\/KIT_Logo.svg\" alt=\"KIT IMK-ASF\" width=\"100\" height=\"50\" \/><\/a><\/td>\n<td style=\"width: 345.767px;vertical-align: middle\">Karlsruher Institut f\u00fcr Technologie<\/td>\n<\/tr>\n<tr>\n<td style=\"width: 174.233px;text-align: center\"><a title=\"FZJ IEK-7\" href=\"https:\/\/www.fz-juelich.de\/iek\/iek-7\/DE\/Home\/home_node.html\" target=\"_blank\" rel=\"noopener\"> <img decoding=\"async\" class=\"wp-image-327 alignnone\" src=\"https:\/\/www.pa.op.dlr.de\/southtrac\/wp-content\/uploads\/sites\/6\/2019\/08\/FZJ_Logo.svg\" alt=\"FZJ IEK-7\" width=\"156.41\" height=\"50\" \/><\/a><\/td>\n<td style=\"width: 345.767px;vertical-align: middle\">Forschungszentrum J\u00fclich<\/td>\n<\/tr>\n<tr>\n<td style=\"width: 174.233px;text-align: center\">\u00a0<a title=\"JGU Mainz IPA\" href=\"https:\/\/www.ipa.uni-mainz.de\/\" target=\"_blank\" rel=\"noopener\"> <img decoding=\"async\" class=\"wp-image-322 alignnone\" src=\"https:\/\/www.pa.op.dlr.de\/southtrac\/wp-content\/uploads\/sites\/6\/2019\/08\/JGUMainz_Logo.svg\" alt=\"JGU Mainz IPA\" width=\"107.8\" height=\"50\" \/><\/a><\/td>\n<td style=\"width: 345.767px;vertical-align: middle\">Johannes Gutenberg-Universit\u00e4t Mainz<\/td>\n<\/tr>\n<tr>\n<td style=\"width: 174.233px;text-align: center\">\u00a0<a title=\"GU Frankfurt IAU\" href=\"https:\/\/www.uni-frankfurt.de\/41121398\/Institut_f%C3%BCr_Atmosph%C3%A4re_und_Umwelt\" target=\"_blank\" rel=\"noopener\"> <img decoding=\"async\" class=\"wp-image-321 alignnone\" src=\"https:\/\/www.pa.op.dlr.de\/southtrac\/wp-content\/uploads\/sites\/6\/2019\/08\/GUFrankfurt_Logo.svg\" alt=\"GU Frankfurt IAU\" width=\"91.75\" height=\"50\" \/><\/a><\/td>\n<td style=\"width: 345.767px;vertical-align: middle\">Goethe-Universit\u00e4t Frankfurt am Main<\/td>\n<\/tr>\n<tr>\n<td style=\"width: 174.233px;text-align: center\"><a title=\"BU Wuppertal IAU\" href=\"https:\/\/www.iau.uni-wuppertal.de\/de\/home.html\" target=\"_blank\" rel=\"noopener\"> <img decoding=\"async\" class=\"wp-image-325 alignnone\" src=\"https:\/\/www.pa.op.dlr.de\/southtrac\/wp-content\/uploads\/sites\/6\/2019\/08\/BUW_Logo.svg\" alt=\"BU Wuppertal IAU\" width=\"167.6\" height=\"50\" \/><\/a><\/td>\n<td style=\"width: 345.767px;vertical-align: middle\">Bergische Universit\u00e4t Wuppertal<\/td>\n<\/tr>\n<tr>\n<td style=\"width: 174.233px;text-align: center\"><a title=\"U Heidelberg IUP\" href=\"http:\/\/www.iup.uni-heidelberg.de\/\" target=\"_blank\" rel=\"noopener\"><img loading=\"lazy\" decoding=\"async\" class=\"wp-image-372 alignnone\" src=\"https:\/\/www.pa.op.dlr.de\/southtrac\/wp-content\/uploads\/sites\/6\/2019\/08\/UHeidelberg_Logo2.svg\" alt=\"U Heidelberg IUP\" width=\"91\" height=\"50\" \/><\/a><\/td>\n<td style=\"width: 345.767px;vertical-align: middle\">Universit\u00e4t Heidelberg<\/td>\n<\/tr>\n<tr>\n<td style=\"width: 174.233px;text-align: center\"><a title=\"HALO SPP\" href=\"http:\/\/www.halo-spp.de\/\" target=\"_blank\" rel=\"noopener\"><img loading=\"lazy\" decoding=\"async\" class=\"alignnone wp-image-344\" src=\"https:\/\/www.pa.op.dlr.de\/southtrac\/wp-content\/uploads\/sites\/6\/2019\/08\/HALO_SPP-1024x1024.png\" alt=\"HALO SPP\" width=\"60\" height=\"60\" srcset=\"https:\/\/www.pa.op.dlr.de\/southtrac\/wp-content\/uploads\/sites\/6\/2019\/08\/HALO_SPP-1024x1024.png 1024w, https:\/\/www.pa.op.dlr.de\/southtrac\/wp-content\/uploads\/sites\/6\/2019\/08\/HALO_SPP-150x150.png 150w, https:\/\/www.pa.op.dlr.de\/southtrac\/wp-content\/uploads\/sites\/6\/2019\/08\/HALO_SPP-300x300.png 300w, https:\/\/www.pa.op.dlr.de\/southtrac\/wp-content\/uploads\/sites\/6\/2019\/08\/HALO_SPP-768x768.png 768w, https:\/\/www.pa.op.dlr.de\/southtrac\/wp-content\/uploads\/sites\/6\/2019\/08\/HALO_SPP.png 1772w\" sizes=\"auto, (max-width: 60px) 100vw, 60px\" \/><\/a><\/td>\n<td style=\"width: 345.767px;vertical-align: middle\">Deutsche Forschungemeinschaft \u2013 HALO SPP 1294<\/td>\n<\/tr>\n<tr>\n<td style=\"width: 174.233px;text-align: center\"><img loading=\"lazy\" decoding=\"async\" class=\"alignnone wp-image-661 size-medium\" src=\"https:\/\/www.pa.op.dlr.de\/southtrac\/wp-content\/uploads\/sites\/6\/2019\/07\/BMBF_logo_dt-300x213.jpg\" alt=\"\" width=\"300\" height=\"213\" srcset=\"https:\/\/www.pa.op.dlr.de\/southtrac\/wp-content\/uploads\/sites\/6\/2019\/07\/BMBF_logo_dt-300x213.jpg 300w, https:\/\/www.pa.op.dlr.de\/southtrac\/wp-content\/uploads\/sites\/6\/2019\/07\/BMBF_logo_dt-768x545.jpg 768w, https:\/\/www.pa.op.dlr.de\/southtrac\/wp-content\/uploads\/sites\/6\/2019\/07\/BMBF_logo_dt.jpg 881w\" sizes=\"auto, (max-width: 300px) 100vw, 300px\" \/><\/td>\n<td style=\"width: 345.767px;vertical-align: middle\">Bundesministerium f\u00fcr Bildung und Forschung &#8211; ROMIC II (WASCLIM 01LG1907*,SCI-HI 01LG1908*)<\/td>\n<\/tr>\n<tr>\n<td style=\"width: 174.233px;text-align: center\"><img loading=\"lazy\" decoding=\"async\" class=\"alignnone wp-image-474\" src=\"https:\/\/www.pa.op.dlr.de\/southtrac\/wp-content\/uploads\/sites\/6\/2019\/07\/CONICET.png\" alt=\"\" width=\"85\" height=\"53\" \/><\/td>\n<td style=\"width: 345.767px;vertical-align: middle\">Consejo Nacional de Investigaciones Cient\u00edficas y T\u00e9cnicas<\/td>\n<\/tr>\n<tr>\n<td style=\"width: 174.233px;text-align: center\"><img loading=\"lazy\" decoding=\"async\" class=\"alignnone wp-image-509\" src=\"https:\/\/www.pa.op.dlr.de\/southtrac\/wp-content\/uploads\/sites\/6\/2019\/07\/conicyt.png\" alt=\"\" width=\"88\" height=\"80\" \/><\/td>\n<td style=\"width: 345.767px;vertical-align: middle\">Comisi\u00f3n Nacional de Investigaci\u00f3n Cient\u00edfica y Tecnol\u00f3gica<\/td>\n<\/tr>\n<tr>\n<td style=\"width: 174.233px;text-align: center\"><img loading=\"lazy\" decoding=\"async\" class=\"alignnone wp-image-476\" src=\"https:\/\/www.pa.op.dlr.de\/southtrac\/wp-content\/uploads\/sites\/6\/2019\/07\/dwd-150x150.png\" alt=\"\" width=\"71\" height=\"71\" srcset=\"https:\/\/www.pa.op.dlr.de\/southtrac\/wp-content\/uploads\/sites\/6\/2019\/07\/dwd-150x150.png 150w, https:\/\/www.pa.op.dlr.de\/southtrac\/wp-content\/uploads\/sites\/6\/2019\/07\/dwd-300x300.png 300w, https:\/\/www.pa.op.dlr.de\/southtrac\/wp-content\/uploads\/sites\/6\/2019\/07\/dwd.png 400w\" sizes=\"auto, (max-width: 71px) 100vw, 71px\" \/><\/td>\n<td style=\"width: 345.767px;vertical-align: middle\">Deutscher Wetterdienst<\/td>\n<\/tr>\n<tr>\n<td style=\"width: 174.233px;text-align: center\"><img loading=\"lazy\" decoding=\"async\" class=\"alignnone wp-image-475\" src=\"https:\/\/www.pa.op.dlr.de\/southtrac\/wp-content\/uploads\/sites\/6\/2019\/07\/dmc.png\" alt=\"\" width=\"60\" height=\"63\" \/><\/td>\n<td style=\"width: 345.767px;vertical-align: middle\">Direcci\u00f3n Meteorol\u00f3gica de Chile<\/td>\n<\/tr>\n<tr>\n<td style=\"width: 174.233px;text-align: center\"><span style=\"font-size: 14pt\"><img loading=\"lazy\" decoding=\"async\" class=\"alignnone wp-image-746\" src=\"https:\/\/www.pa.op.dlr.de\/southtrac\/wp-content\/uploads\/sites\/6\/2019\/07\/logo_FCAG-EARG-284x300.png\" alt=\"\" width=\"90\" height=\"95\" srcset=\"https:\/\/www.pa.op.dlr.de\/southtrac\/wp-content\/uploads\/sites\/6\/2019\/07\/logo_FCAG-EARG-284x300.png 284w, https:\/\/www.pa.op.dlr.de\/southtrac\/wp-content\/uploads\/sites\/6\/2019\/07\/logo_FCAG-EARG.png 543w\" sizes=\"auto, (max-width: 90px) 100vw, 90px\" \/><\/span><\/td>\n<td style=\"width: 345.767px;vertical-align: middle\">Facultad de Ciencias Astronomicas y Geofisicas<\/p>\n<p>Estacion Astronomica Rio Grande<\/td>\n<\/tr>\n<tr>\n<td style=\"width: 174.233px;text-align: center\"><img loading=\"lazy\" decoding=\"async\" class=\"alignnone wp-image-477\" src=\"https:\/\/www.pa.op.dlr.de\/southtrac\/wp-content\/uploads\/sites\/6\/2019\/07\/ecmwf-150x150.png\" alt=\"\" width=\"60\" height=\"60\" srcset=\"https:\/\/www.pa.op.dlr.de\/southtrac\/wp-content\/uploads\/sites\/6\/2019\/07\/ecmwf-150x150.png 150w, https:\/\/www.pa.op.dlr.de\/southtrac\/wp-content\/uploads\/sites\/6\/2019\/07\/ecmwf-300x300.png 300w, https:\/\/www.pa.op.dlr.de\/southtrac\/wp-content\/uploads\/sites\/6\/2019\/07\/ecmwf.png 654w\" sizes=\"auto, (max-width: 60px) 100vw, 60px\" \/><\/td>\n<td style=\"width: 345.767px;vertical-align: middle\">European Center for Medium Range Weather Forecasts<\/td>\n<\/tr>\n<tr>\n<td style=\"width: 174.233px;text-align: center\"><img loading=\"lazy\" decoding=\"async\" class=\"alignnone wp-image-514 size-full\" src=\"https:\/\/www.pa.op.dlr.de\/southtrac\/wp-content\/uploads\/sites\/6\/2019\/07\/enviscope.png\" alt=\"\" width=\"117\" height=\"50\" \/><\/td>\n<td style=\"width: 345.767px;vertical-align: middle\">enviscope<\/td>\n<\/tr>\n<tr>\n<td style=\"width: 174.233px;text-align: center\"><img loading=\"lazy\" decoding=\"async\" src=\"https:\/\/www.pa.op.dlr.de\/southtrac\/wp-content\/uploads\/sites\/6\/2019\/07\/fmi.png\" alt=\"\" width=\"268\" height=\"60\" \/><\/td>\n<td style=\"width: 345.767px;vertical-align: middle\">Finnish Meteorological Institute<\/td>\n<\/tr>\n<tr>\n<td style=\"width: 174.233px;text-align: center\"><img loading=\"lazy\" decoding=\"async\" class=\"alignnone wp-image-479\" src=\"https:\/\/www.pa.op.dlr.de\/southtrac\/wp-content\/uploads\/sites\/6\/2019\/07\/gats.png\" alt=\"\" width=\"104\" height=\"50\" \/><\/td>\n<td style=\"width: 345.767px;vertical-align: middle\">GATS, Boulder<\/td>\n<\/tr>\n<tr>\n<td style=\"width: 174.233px;text-align: center\">\u00a0<img loading=\"lazy\" decoding=\"async\" class=\"alignnone wp-image-721\" src=\"https:\/\/www.pa.op.dlr.de\/southtrac\/wp-content\/uploads\/sites\/6\/2019\/09\/GDA_cropped.jpg\" alt=\"\" width=\"68\" height=\"54\" \/><\/td>\n<td style=\"width: 345.767px;vertical-align: middle\">Grupo de Din\u00e1mica Atmosf\u00e9rica<\/td>\n<\/tr>\n<tr>\n<td style=\"width: 174.233px;text-align: center\"><img loading=\"lazy\" decoding=\"async\" class=\"alignnone wp-image-510\" src=\"https:\/\/www.pa.op.dlr.de\/southtrac\/wp-content\/uploads\/sites\/6\/2019\/07\/inach-300x90.png\" alt=\"\" width=\"166\" height=\"50\" \/><\/td>\n<td style=\"width: 345.767px;vertical-align: middle\">Instituto Ant\u00e1rtico Chileno<\/td>\n<\/tr>\n<tr>\n<td style=\"width: 174.233px;text-align: center\"><img loading=\"lazy\" decoding=\"async\" class=\"alignnone wp-image-480\" src=\"https:\/\/www.pa.op.dlr.de\/southtrac\/wp-content\/uploads\/sites\/6\/2019\/07\/iap.jpg\" alt=\"\" width=\"149\" height=\"50\" \/><\/td>\n<td style=\"width: 345.767px;vertical-align: middle\">Leibniz-Institut f\u00fcr Atmosph\u00e4renphysik<\/td>\n<\/tr>\n<tr>\n<td style=\"width: 174.233px;text-align: center\"><img loading=\"lazy\" decoding=\"async\" class=\"alignnone wp-image-487\" src=\"https:\/\/www.pa.op.dlr.de\/southtrac\/wp-content\/uploads\/sites\/6\/2019\/07\/lmu.jpg\" alt=\"\" width=\"54\" height=\"54\" \/><\/td>\n<td style=\"width: 345.767px;vertical-align: middle\">Ludwig-Maximilians-Universit\u00e4t M\u00fcnchen<\/td>\n<\/tr>\n<tr>\n<td style=\"width: 174.233px;text-align: center\"><img loading=\"lazy\" decoding=\"async\" class=\"alignnone wp-image-491\" src=\"https:\/\/www.pa.op.dlr.de\/southtrac\/wp-content\/uploads\/sites\/6\/2019\/07\/metoffice-300x94.png\" alt=\"\" width=\"185\" height=\"58\" srcset=\"https:\/\/www.pa.op.dlr.de\/southtrac\/wp-content\/uploads\/sites\/6\/2019\/07\/metoffice-300x94.png 300w, https:\/\/www.pa.op.dlr.de\/southtrac\/wp-content\/uploads\/sites\/6\/2019\/07\/metoffice-768x241.png 768w, https:\/\/www.pa.op.dlr.de\/southtrac\/wp-content\/uploads\/sites\/6\/2019\/07\/metoffice-1024x321.png 1024w, https:\/\/www.pa.op.dlr.de\/southtrac\/wp-content\/uploads\/sites\/6\/2019\/07\/metoffice.png 1317w\" sizes=\"auto, (max-width: 185px) 100vw, 185px\" \/><\/td>\n<td style=\"width: 345.767px;vertical-align: middle\">Met Office<\/td>\n<\/tr>\n<tr>\n<td style=\"width: 174.233px;text-align: center\"><img loading=\"lazy\" decoding=\"async\" class=\"alignnone wp-image-683\" src=\"https:\/\/www.pa.op.dlr.de\/southtrac\/wp-content\/uploads\/sites\/6\/2019\/09\/MWP_LOGO_neu_clean.png\" alt=\"\" width=\"54\" height=\"54\" srcset=\"https:\/\/www.pa.op.dlr.de\/southtrac\/wp-content\/uploads\/sites\/6\/2019\/09\/MWP_LOGO_neu_clean.png 569w, https:\/\/www.pa.op.dlr.de\/southtrac\/wp-content\/uploads\/sites\/6\/2019\/09\/MWP_LOGO_neu_clean-150x150.png 150w, https:\/\/www.pa.op.dlr.de\/southtrac\/wp-content\/uploads\/sites\/6\/2019\/09\/MWP_LOGO_neu_clean-300x300.png 300w\" sizes=\"auto, (max-width: 54px) 100vw, 54px\" \/><\/td>\n<td style=\"width: 345.767px;vertical-align: middle\">Mountain Wave Project<\/td>\n<\/tr>\n<tr>\n<td style=\"width: 174.233px;text-align: center\"><img loading=\"lazy\" decoding=\"async\" class=\"alignnone wp-image-482\" src=\"https:\/\/www.pa.op.dlr.de\/southtrac\/wp-content\/uploads\/sites\/6\/2019\/07\/meteorologicio_nacional.png\" alt=\"\" width=\"155\" height=\"52\" \/><\/td>\n<td style=\"width: 345.767px;vertical-align: middle\">Servicio Meteorol\u00f3gico Nacional<\/td>\n<\/tr>\n<tr>\n<td style=\"width: 174.233px;text-align: center\"><\/td>\n<td style=\"width: 345.767px;vertical-align: middle\">Soaring for Science<\/td>\n<\/tr>\n<tr>\n<td style=\"width: 174.233px;text-align: center\"><img loading=\"lazy\" decoding=\"async\" class=\"alignnone wp-image-659\" src=\"https:\/\/www.pa.op.dlr.de\/southtrac\/wp-content\/uploads\/sites\/6\/2019\/07\/Austral_Negativo_Vertical-300x300.jpg\" alt=\"\" width=\"100\" height=\"100\" srcset=\"https:\/\/www.pa.op.dlr.de\/southtrac\/wp-content\/uploads\/sites\/6\/2019\/07\/Austral_Negativo_Vertical-300x300.jpg 300w, https:\/\/www.pa.op.dlr.de\/southtrac\/wp-content\/uploads\/sites\/6\/2019\/07\/Austral_Negativo_Vertical-150x150.jpg 150w, https:\/\/www.pa.op.dlr.de\/southtrac\/wp-content\/uploads\/sites\/6\/2019\/07\/Austral_Negativo_Vertical-768x768.jpg 768w, https:\/\/www.pa.op.dlr.de\/southtrac\/wp-content\/uploads\/sites\/6\/2019\/07\/Austral_Negativo_Vertical.jpg 800w\" sizes=\"auto, (max-width: 100px) 100vw, 100px\" \/><\/td>\n<td style=\"width: 345.767px;vertical-align: middle\">Universidad Austral<\/td>\n<\/tr>\n<tr>\n<td style=\"width: 174.233px;text-align: center\"><img loading=\"lazy\" decoding=\"async\" class=\"alignnone wp-image-481\" src=\"https:\/\/www.pa.op.dlr.de\/southtrac\/wp-content\/uploads\/sites\/6\/2019\/07\/magallanes-300x104.png\" alt=\"\" width=\"141\" height=\"49\" srcset=\"https:\/\/www.pa.op.dlr.de\/southtrac\/wp-content\/uploads\/sites\/6\/2019\/07\/magallanes-300x104.png 300w, https:\/\/www.pa.op.dlr.de\/southtrac\/wp-content\/uploads\/sites\/6\/2019\/07\/magallanes.png 391w\" sizes=\"auto, (max-width: 141px) 100vw, 141px\" \/><\/td>\n<td style=\"width: 345.767px;vertical-align: middle\">Universidad de Magallanes<\/td>\n<\/tr>\n<tr>\n<td style=\"width: 174.233px;text-align: center\"><img loading=\"lazy\" decoding=\"async\" class=\"alignnone wp-image-484\" src=\"https:\/\/www.pa.op.dlr.de\/southtrac\/wp-content\/uploads\/sites\/6\/2019\/07\/usach.jpg\" alt=\"\" width=\"112\" height=\"50\" \/><\/td>\n<td style=\"width: 345.767px;vertical-align: middle\">Universidad de Santiago de Chile<\/td>\n<\/tr>\n<tr>\n<td style=\"width: 174.233px;text-align: center\"><img loading=\"lazy\" decoding=\"async\" class=\"alignnone wp-image-747\" src=\"https:\/\/www.pa.op.dlr.de\/southtrac\/wp-content\/uploads\/sites\/6\/2019\/07\/logo_unlp-257x300.jpg\" alt=\"\" width=\"100\" height=\"117\" srcset=\"https:\/\/www.pa.op.dlr.de\/southtrac\/wp-content\/uploads\/sites\/6\/2019\/07\/logo_unlp-257x300.jpg 257w, https:\/\/www.pa.op.dlr.de\/southtrac\/wp-content\/uploads\/sites\/6\/2019\/07\/logo_unlp-768x898.jpg 768w, https:\/\/www.pa.op.dlr.de\/southtrac\/wp-content\/uploads\/sites\/6\/2019\/07\/logo_unlp-876x1024.jpg 876w, https:\/\/www.pa.op.dlr.de\/southtrac\/wp-content\/uploads\/sites\/6\/2019\/07\/logo_unlp.jpg 1950w\" sizes=\"auto, (max-width: 100px) 100vw, 100px\" \/><\/td>\n<td style=\"width: 345.767px;vertical-align: middle\">Universidad Nacional de la Plata<\/td>\n<\/tr>\n<tr>\n<td style=\"width: 174.233px;text-align: center\"><img loading=\"lazy\" decoding=\"async\" class=\"alignnone wp-image-486 size-medium\" src=\"https:\/\/www.pa.op.dlr.de\/southtrac\/wp-content\/uploads\/sites\/6\/2019\/07\/utfsam-300x44.png\" alt=\"\" width=\"300\" height=\"44\" srcset=\"https:\/\/www.pa.op.dlr.de\/southtrac\/wp-content\/uploads\/sites\/6\/2019\/07\/utfsam-300x44.png 300w, https:\/\/www.pa.op.dlr.de\/southtrac\/wp-content\/uploads\/sites\/6\/2019\/07\/utfsam-768x113.png 768w, https:\/\/www.pa.op.dlr.de\/southtrac\/wp-content\/uploads\/sites\/6\/2019\/07\/utfsam.png 776w\" sizes=\"auto, (max-width: 300px) 100vw, 300px\" \/><\/td>\n<td style=\"width: 345.767px;vertical-align: middle\">Universidad Tecnica Federico Santa Maria<\/td>\n<\/tr>\n<tr>\n<td style=\"width: 174.233px;text-align: center\"><img loading=\"lazy\" decoding=\"async\" class=\"alignnone wp-image-492\" src=\"https:\/\/www.pa.op.dlr.de\/southtrac\/wp-content\/uploads\/sites\/6\/2019\/07\/bath.png\" alt=\"\" width=\"122\" height=\"50\" \/><\/td>\n<td style=\"width: 345.767px;vertical-align: middle\">University of Bath<\/td>\n<\/tr>\n<tr>\n<td style=\"width: 174.233px;text-align: center\"><img loading=\"lazy\" decoding=\"async\" class=\"alignnone wp-image-485\" src=\"https:\/\/www.pa.op.dlr.de\/southtrac\/wp-content\/uploads\/sites\/6\/2019\/07\/usu.jpg\" alt=\"\" width=\"117\" height=\"29\" \/><\/td>\n<td style=\"width: 345.767px;vertical-align: middle\">Utah State University<\/td>\n<\/tr>\n<\/tbody>\n<\/table>\n<p>&nbsp;<\/p>\n","protected":false},"excerpt":{"rendered":"<p>Deutsches Zentrum f\u00fcr Luft- und Raumfahrt Karlsruher Institut f\u00fcr Technologie Forschungszentrum J\u00fclich \u00a0 Johannes Gutenberg-Universit\u00e4t Mainz \u00a0 Goethe-Universit\u00e4t Frankfurt am Main Bergische Universit\u00e4t Wuppertal Universit\u00e4t Heidelberg Deutsche Forschungemeinschaft \u2013 HALO SPP 1294 Bundesministerium f\u00fcr Bildung und Forschung &#8211; ROMIC II (WASCLIM 01LG1907*,SCI-HI 01LG1908*) Consejo Nacional de Investigaciones Cient\u00edficas y T\u00e9cnicas Comisi\u00f3n Nacional de Investigaci\u00f3n Cient\u00edfica &hellip; <a href=\"https:\/\/www.pa.op.dlr.de\/southtrac\/home\/general-information\/partners\/\" class=\"more-link\">Continue reading <span class=\"screen-reader-text\">Partners<\/span> <span class=\"meta-nav\">&rarr;<\/span><\/a><\/p>\n","protected":false},"author":1,"featured_media":0,"parent":123,"menu_order":3,"comment_status":"closed","ping_status":"closed","template":"","meta":{"footnotes":""},"class_list":["post-18","page","type-page","status-publish","hentry"],"_links":{"self":[{"href":"https:\/\/www.pa.op.dlr.de\/southtrac\/wp-json\/wp\/v2\/pages\/18","targetHints":{"allow":["GET"]}}],"collection":[{"href":"https:\/\/www.pa.op.dlr.de\/southtrac\/wp-json\/wp\/v2\/pages"}],"about":[{"href":"https:\/\/www.pa.op.dlr.de\/southtrac\/wp-json\/wp\/v2\/types\/page"}],"author":[{"embeddable":true,"href":"https:\/\/www.pa.op.dlr.de\/southtrac\/wp-json\/wp\/v2\/users\/1"}],"replies":[{"embeddable":true,"href":"https:\/\/www.pa.op.dlr.de\/southtrac\/wp-json\/wp\/v2\/comments?post=18"}],"version-history":[{"count":57,"href":"https:\/\/www.pa.op.dlr.de\/southtrac\/wp-json\/wp\/v2\/pages\/18\/revisions"}],"predecessor-version":[{"id":897,"href":"https:\/\/www.pa.op.dlr.de\/southtrac\/wp-json\/wp\/v2\/pages\/18\/revisions\/897"}],"up":[{"embeddable":true,"href":"https:\/\/www.pa.op.dlr.de\/southtrac\/wp-json\/wp\/v2\/pages\/123"}],"wp:attachment":[{"href":"https:\/\/www.pa.op.dlr.de\/southtrac\/wp-json\/wp\/v2\/media?parent=18"}],"curies":[{"name":"wp","href":"https:\/\/api.w.org\/{rel}","templated":true}]}}