{"id":195,"date":"2019-07-29T14:26:21","date_gmt":"2019-07-29T14:26:21","guid":{"rendered":"https:\/\/www.pa.op.dlr.de\/southtrac\/?page_id=195"},"modified":"2021-02-11T13:44:56","modified_gmt":"2021-02-11T13:44:56","slug":"scientific-themes","status":"publish","type":"page","link":"https:\/\/www.pa.op.dlr.de\/southtrac\/home\/science\/scientific-themes\/","title":{"rendered":"Scientific Themes"},"content":{"rendered":"<h2><span class=\"fontstyle0\">Transport and Dynamics in the SH UTLS: SOUTHTRAC-DYN<\/span><\/h2>\n<p style=\"text-align: justify\"><span class=\"fontstyle0\">The dynamical processes which determine the composition of the southern hemispheric UTLS differ from its northern hemispheric counterpart in strengths and seasonality. Similar to the NH the SH UTLS will be influenced by a combination of global scale transport by the BrewerDobson circulation (BDC) and of transport across the extratropical tropopause. However, the relative importance of these processes differs from the Northern hemisphere as well as the composition and dynamical structure.<\/span><\/p>\n<p style=\"text-align: justify\"><span class=\"fontstyle0\">In SOUTHTRAC DYN-1 we will disentangle these differences by combining measurements of long-lived tracers of different lifetime and CLaMS age spectral information to gain insight in the relevant time scales. Shorter-lived tracers as well as remote sensing observation of the thermal and chemical structure will reveal the role of tropopause based processes in forming the TIL and ExTL, which both show different structure and properties in the southern hemisphere UTLS (Hegglin et al., 2009). The tropopause related processes, which affect the TIL and ExTL structure also control the abundance of particular water vapor in the SH UTLS. Transport and abundance of H<sub>2<\/sub>O into the SH UTLS significantly differ from the northern hemisphere, which is strongly affected by water vapour transport from the Asian summer monsoon (Vogel et al., 2016; Rolf et al., 2018).<\/span><\/p>\n<p style=\"text-align: justify\"><span class=\"fontstyle0\">SOUTHTRAC DYN-2 will focus on the generation, propagation and dissipation of GWs being strongest at the Andes in SH winter.<\/span><\/p>\n<p><strong>Read more:<\/strong><\/p>\n<ul>\n<li><a href=\"https:\/\/www.pa.op.dlr.de\/southtrac\/science\/scientific-themes\/theme-dyn-1\/\">Theme DYN-1: Coupling processes at the Southern Hemisphere tropopause: UTLS composition and dynamics in the Southern Hemisphere from observations and models<\/a><\/li>\n<li><a href=\"https:\/\/www.pa.op.dlr.de\/southtrac\/science\/scientific-themes\/theme-dyn-2\/\">Theme DYN-2: Gravity waves in the Southern Hemisphere<\/a><\/li>\n<\/ul>\n<h2><span class=\"fontstyle0\">Chemical composition aspects: SOUTHTRAC-CHEM<\/span><\/h2>\n<p style=\"text-align: justify\"><span class=\"fontstyle0\">The main aim of SOUTHTRAC-CHEM is to determine the chemical composition of the SH-UTLS and the processes affecting the composition with a special emphasis on differences to the much better studied NH-UTLS. The chemical composition will be characterized by both insitu and remote sensing observations (survey flights) providing information on a wide range of chemically and radiatively important species (see <a href=\"https:\/\/www.pa.op.dlr.de\/southtrac\/general-information\/payload\/\">payload<\/a>). We will characterize the chemical composition of the SH-UTLS in an unprecedented way, allowing also to investigate the processes controlling this composition. Next to this overall goal of composition characterization, we will address two specific topics, where the SH-UTLS differs significantly from the northern hemisphere.<\/span><\/p>\n<p><strong>Read more:<\/strong><\/p>\n<ul>\n<li><a href=\"https:\/\/www.pa.op.dlr.de\/southtrac\/science\/scientific-themes\/theme-chem-1\/\">Theme CHEM-1: Impact of the Antarctic vortex on the SH-UTLS<\/a><\/li>\n<li><a href=\"https:\/\/www.pa.op.dlr.de\/southtrac\/science\/scientific-themes\/theme-chem-2\/\">Theme CHEM-2: Biomass burning and transport of biogenic emissions in the southern Atlantic upper troposphere<\/a><\/li>\n<\/ul>\n<hr \/>\n<h2>References<\/h2>\n<p>Hegglin, Michaela I. and Theodore G. Shepherd (2009). \u201cLarge climate-induced changes in ultraviolet index and stratosphere-to-troposphere ozone flux\u201d. In: <em>Nat. Geosci. <\/em>2.10, pp. 687\u2013691. DOI: <a href=\"https:\/\/doi.org\/10.1038\/ngeo604\">10.1038\/ngeo604.<\/a><\/p>\n<p>Rolf, Christian, B\u00e4rbel Vogel, Peter Hoor, Armin Afchine, Gebhard G\u00fcnther, Martina Kr\u00e4mer, Rolf M\u00fcller, Stefan M\u00fcller, Nicole Spelten, and Martin Riese (2018). \u201cWater vapor increase in the lower stratosphere of the Northern Hemisphere due to the Asian monsoon anticyclone observed during the TACTS\/ESMVal campaigns\u201d. In: <em>Atmos. Chem. Phys. <\/em>18.4, pp. 2973\u20132983. DOI: <a href=\"https:\/\/doi.org\/10.5194\/acp-18-2973-2018\">10.5194\/acp-18-2973-2018.<\/a><\/p>\n<p>Vogel, B\u00e4rbel, Gebhard G\u00fcnther, Rolf M\u00fcller, Jens-Uwe Groo\u00df, Armin Afchine, Heiko Bozem, Peter Hoor, Martina Kr\u00e4mer, Stefan M\u00fcller, Martin Riese, Christian Rolf, Nicole Spelten, Gabriele P. Stiller, J\u00f6rn Ungermann, and Andreas Zahn (2016). \u201cLong-range transport pathways of tropospheric source gases originating in Asia into the northern lower stratosphere during the Asian monsoon season 2012\u201d. In: <em>Atmos. Chem. Phys. <\/em>16.23, pp. 15301\u201315325. DOI: <a href=\"https:\/\/doi.org\/10.5194\/acp-16-15301-2016\">10.5194\/acp-16-15301-2016.<\/a><\/p>\n","protected":false},"excerpt":{"rendered":"<p>Transport and Dynamics in the SH UTLS: SOUTHTRAC-DYN The dynamical processes which determine the composition of the southern hemispheric UTLS differ from its northern hemispheric counterpart in strengths and seasonality. Similar to the NH the SH UTLS will be influenced by a combination of global scale transport by the BrewerDobson circulation (BDC) and of transport &hellip; <a href=\"https:\/\/www.pa.op.dlr.de\/southtrac\/home\/science\/scientific-themes\/\" class=\"more-link\">Continue reading <span class=\"screen-reader-text\">Scientific Themes<\/span> <span class=\"meta-nav\">&rarr;<\/span><\/a><\/p>\n","protected":false},"author":8,"featured_media":0,"parent":185,"menu_order":2,"comment_status":"closed","ping_status":"closed","template":"","meta":{"footnotes":""},"class_list":["post-195","page","type-page","status-publish","hentry"],"_links":{"self":[{"href":"https:\/\/www.pa.op.dlr.de\/southtrac\/wp-json\/wp\/v2\/pages\/195","targetHints":{"allow":["GET"]}}],"collection":[{"href":"https:\/\/www.pa.op.dlr.de\/southtrac\/wp-json\/wp\/v2\/pages"}],"about":[{"href":"https:\/\/www.pa.op.dlr.de\/southtrac\/wp-json\/wp\/v2\/types\/page"}],"author":[{"embeddable":true,"href":"https:\/\/www.pa.op.dlr.de\/southtrac\/wp-json\/wp\/v2\/users\/8"}],"replies":[{"embeddable":true,"href":"https:\/\/www.pa.op.dlr.de\/southtrac\/wp-json\/wp\/v2\/comments?post=195"}],"version-history":[{"count":16,"href":"https:\/\/www.pa.op.dlr.de\/southtrac\/wp-json\/wp\/v2\/pages\/195\/revisions"}],"predecessor-version":[{"id":1117,"href":"https:\/\/www.pa.op.dlr.de\/southtrac\/wp-json\/wp\/v2\/pages\/195\/revisions\/1117"}],"up":[{"embeddable":true,"href":"https:\/\/www.pa.op.dlr.de\/southtrac\/wp-json\/wp\/v2\/pages\/185"}],"wp:attachment":[{"href":"https:\/\/www.pa.op.dlr.de\/southtrac\/wp-json\/wp\/v2\/media?parent=195"}],"curies":[{"name":"wp","href":"https:\/\/api.w.org\/{rel}","templated":true}]}}