{"id":199,"date":"2019-07-29T14:31:38","date_gmt":"2019-07-29T14:31:38","guid":{"rendered":"https:\/\/www.pa.op.dlr.de\/southtrac\/?page_id=199"},"modified":"2019-08-13T15:11:09","modified_gmt":"2019-08-13T15:11:09","slug":"theme-dyn-1","status":"publish","type":"page","link":"https:\/\/www.pa.op.dlr.de\/southtrac\/home\/science\/scientific-themes\/theme-dyn-1\/","title":{"rendered":"Theme DYN-1"},"content":{"rendered":"<p>\u2190 back to <a href=\"https:\/\/www.pa.op.dlr.de\/southtrac\/science\/scientific-themes\/\">Scientific Themes<\/a><\/p>\n<h1><span class=\"fontstyle0\">Coupling processes at the Southern Hemisphere tropopause: UTLS composition and dynamics in the southern hemisphere from observations and models<\/span><\/h1>\n<p style=\"text-align: justify\"><span class=\"fontstyle0\">In general, very little is known about the chemical composition of the SH UTLS, due to a lack of observations in this region. In particular water vapor shows maximum values in both hemispheres in September\/October, but a different hemispheric behavior compared to the underlying mixing processes (see Fig. DYN1-1).<\/span><\/p>\n<figure id=\"attachment_284\" aria-describedby=\"caption-attachment-284\" style=\"width: 459px\" class=\"wp-caption aligncenter\"><a href=\"https:\/\/www.pa.op.dlr.de\/southtrac\/science\/scientific-themes\/theme-dyn-1\/attachment\/wb_dyn1-1\/\" rel=\"attachment wp-att-284\"><img loading=\"lazy\" decoding=\"async\" class=\"wp-image-284 size-full\" src=\"https:\/\/www.pa.op.dlr.de\/southtrac\/wp-content\/uploads\/sites\/6\/2019\/08\/WB_dyn1-1.jpg\" alt=\"\" width=\"459\" height=\"214\" srcset=\"https:\/\/www.pa.op.dlr.de\/southtrac\/wp-content\/uploads\/sites\/6\/2019\/08\/WB_dyn1-1.jpg 459w, https:\/\/www.pa.op.dlr.de\/southtrac\/wp-content\/uploads\/sites\/6\/2019\/08\/WB_dyn1-1-300x140.jpg 300w\" sizes=\"auto, (max-width: 459px) 100vw, 459px\" \/><\/a><figcaption id=\"caption-attachment-284\" class=\"wp-caption-text\">Figure DYN1-1: Satellite measurements of water vapor at the 390 K potential temperature level observed by the AURA-MLS instrument. The data show transport of anomalies from the tropics to high latitudes (Figure adapted from Randel and Jensen, 2013).<\/figcaption><\/figure>\n<p style=\"text-align: justify\"><span class=\"fontstyle0\">The stratospheric BDC is a major factor controlling the trace gas composition of the UTLS with tropospheric air entering the stratosphere in the tropics and circulating to high latitudes where it subsides back into the tropopause region. The BDC shows a clear seasonal cycle and interhemispheric differences (e.g., Konopka et al., 2015). The circulation is driven by breaking of atmospheric waves of different wavelengths. This forcing is stronger during periods of westerly stratospheric winds, thus during hemispheric winter and spring. Stronger planetary wave activity leads to a stronger forcing of the BDC on the NH<\/span> <span class=\"fontstyle0\">causing hemispheric differences in trace gas transport in the UTLS.<\/span><\/p>\n<p style=\"text-align: justify\"><span class=\"fontstyle0\">The different transport pathways and related transit time scales lead to differences in the chemical composition. These differences are further evident in age spectra, the probability density function for transit times. Age spectra can be constrained from measurements of long-lived trace gases with different atmospheric lifetimes. The fractions of young and old air masses, as deduced from age spectra, allow to better understand the relative roles of BDC and extratropical STE in determining the chemical composition (Ploeger and Birner, 2016; Krause et al., 2018). In particular the young air mass fraction indicates clear hemispheric transport differences in the summertime \u201cflushing\u201d of the mid-latitude lowermost stratosphere with young air (see Fig. DYN1-2).<\/span><\/p>\n<figure id=\"attachment_292\" aria-describedby=\"caption-attachment-292\" style=\"width: 605px\" class=\"wp-caption aligncenter\"><a href=\"https:\/\/www.pa.op.dlr.de\/southtrac\/science\/scientific-themes\/theme-dyn-1\/attachment\/wb_dyn1-2\/\" rel=\"attachment wp-att-292\"><img loading=\"lazy\" decoding=\"async\" class=\"size-full wp-image-292\" src=\"https:\/\/www.pa.op.dlr.de\/southtrac\/wp-content\/uploads\/sites\/6\/2019\/08\/WB_dyn1-2.jpg\" alt=\"\" width=\"605\" height=\"190\" srcset=\"https:\/\/www.pa.op.dlr.de\/southtrac\/wp-content\/uploads\/sites\/6\/2019\/08\/WB_dyn1-2.jpg 605w, https:\/\/www.pa.op.dlr.de\/southtrac\/wp-content\/uploads\/sites\/6\/2019\/08\/WB_dyn1-2-300x94.jpg 300w\" sizes=\"auto, (max-width: 605px) 100vw, 605px\" \/><\/a><figcaption id=\"caption-attachment-292\" class=\"wp-caption-text\">Figure DYN1-2: Fraction of young air mass with stratospheric transit time below 6 months, as deduced from CLaMS model age spectra (adapted from Ploeger and Birner, 2016).<\/figcaption><\/figure>\n<p style=\"text-align: justify\"><span class=\"fontstyle0\">Large-scale transport by the BDC can conceptually be divided into a slow residual mean mass circulation and eddy mixing which operates on much shorter timescales (days to weeks). Both transport components lead to different age structures in both hemispheres (e.g., Ploeger et al., 2015). The fast quasi-isentropic eddy mixing causes a fast exchange between tropics and high latitudes as well as cross tropopause exchange and is largely related to breaking Rossby-waves (Haynes and Shuckburgh, 2000). These processes also determine the composition and vertical extent of the ExTL (Extratropical Transition Layer) (Hoor et al.2004, 2010), which is indicated to be smaller compared to the northern hemisphere on the basis of ACE-FTS observations (Hegglin et al., 2009). The related largescale stirring and mixing transport is different in both hemispheres with maxima during November and April in the SH lowermost stratosphere (Fig. DYN1-3). In the NH such transport events have been investigated during recent measurement campaigns (e.g., WISE, PGS, TACTS, see M\u00fcller et al., 2015, Krause et al., 2018), but in the SH a detailed process understanding based on in-situ measurements is still missing.<\/span><\/p>\n<figure id=\"attachment_295\" aria-describedby=\"caption-attachment-295\" style=\"width: 512px\" class=\"wp-caption aligncenter\"><a href=\"https:\/\/www.pa.op.dlr.de\/southtrac\/science\/scientific-themes\/theme-dyn-1\/attachment\/wb_dyn1-3\/\" rel=\"attachment wp-att-295\"><img loading=\"lazy\" decoding=\"async\" class=\"wp-image-295 size-full\" src=\"https:\/\/www.pa.op.dlr.de\/southtrac\/wp-content\/uploads\/sites\/6\/2019\/08\/WB_dyn1-3.jpg\" alt=\"\" width=\"512\" height=\"480\" srcset=\"https:\/\/www.pa.op.dlr.de\/southtrac\/wp-content\/uploads\/sites\/6\/2019\/08\/WB_dyn1-3.jpg 512w, https:\/\/www.pa.op.dlr.de\/southtrac\/wp-content\/uploads\/sites\/6\/2019\/08\/WB_dyn1-3-300x281.jpg 300w\" sizes=\"auto, (max-width: 512px) 100vw, 512px\" \/><\/a><figcaption id=\"caption-attachment-295\" class=\"wp-caption-text\">Figure DYN1-3: (a) Annual cycle of Rossby wave-breaking transport at 420K (top), 380K (middle) and 350K (bottom). Anticyclonically sheared events are shown in black and cyclonically sheared events in gray. Dashed lines are equatorward transport and dotted lines poleward. The thick black line is the net transport (stratosphere to troposphere at lower levels). (Figure adapted from Homeyer and Bowman, 2013). (b) Climatological zonal wind U at 390 K from ERA-Interim for October (top), November (middle) and December (bottom).<\/figcaption><\/figure>\n<p style=\"text-align: justify\"><span class=\"fontstyle0\">In-situ measurements in the mid-latitudes of the SH are very rare above the 360 K potential temperature level. Even though, the SH provides particularly favorable conditions for isentropic exchange studies due to the proximity of young subtropical air and extremely old air masses within the wintertime polar vortex. Mixing of aged and extremely dry vortex air into the UTLS, even below the tropopause, has recently been shown to occur from HALO observations (Rolf et al., 2015). However, the representativeness of such events is under debate. Here, we will particularly investigate processes transporting air masses low in ozone and water vapor and perturbed in chlorine chemistry (M\u00fcller et al., 1996) from <\/span><span class=\"fontstyle0\">the Antarctic lowermost stratosphere into the high latitude troposphere and mid-latitude stratosphere.<\/span><\/p>\n<p style=\"text-align: justify\"><span class=\"fontstyle0\">Reanalysis data indicate preferred regions of Rossby-wave breaking in the SH around Southern South America over the Atlantic and Central to Eastern Pacific (e.g., Homeyer et al., 2013), related to regions of westerly tropical zonal winds (\u201ewesterly ducts\u201c), which prevail from around November to March (Waugh and Polvani, 2000). These regions allow Rossby-waves to propagate deep into the tropics (see Fig. DYN1-3b). Potentially, a link exists between the Rossby-wave breaking and the South American anticyclonic circulation (\u201eBolivian high\u201c, Postel and Hitchman, 1999). Since the strength of the westerly ducts is modulated by the El Nino Southern oscillation (e.g., Konopka et al, 2016), a related inter-annual modulation in isentropic transport is expected. The westerly ducts extend from the NH to the SH and likely represent regions of preferred interhemispheric transport, for instance of NH pollution into the SH. However, no observational evidence for such transport exists, hitherto.<\/span><\/p>\n<p style=\"text-align: justify\"><span class=\"fontstyle0\">The composition of the UTLS is also affected by transport in the troposphere, especially within mesoscale convective systems and extratropical cyclones which can lift air masses from the surface into the UTLS on time scales of hours to several days. While convective systems are most prominent in the tropics and subtropics, extratropical cyclones have a maximum appearance around Antarctica but also between 30 and 50 degrees S, with a local maximum of cyclogenesis at the east coast of South America (Simmons and Keay, 2000). However, due to the lack of observations their impact is not well known, which is also reflected in the varying representation of these systems in different reanalysis data sets (Grieger et al., 2014). Using balloon-borne measurements Khaykin et al. (2016) showed that convection over South America may moisten the SH lower stratosphere. Most importantly, cyclones and convective systems affect the structure of the tropopause and thus STE: (1) the tropopause inversion layer (TIL) (Birner et al., 2002; Birner 2006) shows a strong asymmetry between NH and SH in spring (Grise et al., 2010), and (2) tropopause folds differ between SH and NH (e.g., Skerlak et al., 2014a,b).<\/span><\/p>\n<p style=\"text-align: justify\">Notably, factors controlling the structure and dynamics affecting the TIL and the ExTL differ from the northern hemisphere, such as diabatic downwelling (Birner 2010), baroclinic wave activity (Kunkel et al., 2016) and the effect of gravity waves on the TIL (Kunkel et al., 2014). Water vapour transport and gradients at the tropopause are essential for the TIL formation (Kunkel et al., 2016), but are different between both hemispheres (e.g. due to water vapour export from the Asian summer monsoon, Vogel et al., 2016; Rolf et al., 2018).<\/p>\n<hr \/>\n<h2>References<\/h2>\n<p>Birner, T. (2006). \u201cFine-scale structure of the extratropical tropopause region\u201d. In: <em>J. Geophys. Res. <\/em>111.D4. DOI: <a href=\"https:\/\/doi.org\/10.1029\/2005jd006301\">10.1029\/2005jd006301.<\/a><\/p>\n<p>Birner, Thomas (2010). \u201cResidual Circulation and Tropopause Structure\u201d. In: <em>J. Atmos. Sci. <\/em>67.8, pp. 2582\u20132600. DOI: <a href=\"https:\/\/doi.org\/10.1175\/2010jas3287.1\">10.1175\/2010jas3287.1.<\/a><\/p>\n<p>Birner, Thomas, Andreas D\u00f6rnbrack, and Ulrich Schumann (2002). \u201cHow sharp is the tropopause at midlatitudes?\u201d In: <em>Geophys. Res. Lett. <\/em>29.14, pp. 45\u20131\u201345\u20134. DOI: <a href=\"https:\/\/doi.org\/10.1029\/2002gl015142\">10.1029\/2002gl015142.<\/a><\/p>\n<p>Grieger, J., G.C. Leckebusch, M.G. Donat, M. Schuster, and U. Ulbrich (2014). \u201cSouthern Hemisphere winter cyclone activity under recent and future climate conditions in multi-model AOGCM simulations\u201d. In: <em>Int. J. Climatol. <\/em>34.12, pp. 3400\u20133416. DOI: <a href=\"https:\/\/doi.org\/10.1002\/joc.3917\">10.1002\/joc.3917.<\/a><\/p>\n<p>Grise, Kevin M., David W. J. Thompson, and Thomas Birner (2010). \u201cA Global Survey of Static Stability in the Stratosphere and Upper Troposphere\u201d. In: <em>J. Clim. <\/em>23.9, pp. 2275\u20132292. DOI: <a href=\"https:\/\/doi.org\/10.1175\/2009jcli3369.1\">10.1175\/2009jcli3369.1.<\/a><\/p>\n<p>Haynes, Peter and Emily Shuckburgh (2000). \u201cEffective diffusivity as a diagnostic of atmospheric transport: 1. Stratosphere\u201d. In: <em>J. Geophys. Res. Atmos. <\/em>105.D18, pp. 22777\u201322794. DOI: <a href=\"https:\/\/doi.org\/10.1029\/2000jd900093\">10.1029\/2000jd900093.<\/a><\/p>\n<p>Hegglin, Michaela I. and Theodore G. Shepherd (2009). \u201cLarge climate-induced changes in ultraviolet index and stratosphere-to-troposphere ozone flux\u201d. In: <em>Nat. Geosci. <\/em>2.10, pp. 687\u2013691. DOI: <a href=\"https:\/\/doi.org\/10.1038\/ngeo604\">10.1038\/ngeo604.<\/a><\/p>\n<p>Homeyer, Cameron R. and Kenneth P. Bowman (2013). \u201cRossby Wave Breaking and Transport between the Tropics and Extratropics above the Subtropical Jet\u201d. In: <em>J. Atmos. Sci. <\/em>70.2, pp. 607\u2013626. DOI: <a href=\"https:\/\/doi.org\/10.1175\/jas-d-12-0198.1\">10.1175\/jas-d-12-0198.1.<\/a><\/p>\n<p>Hoor, P., C. Gurk, D. Brunner, M. I. Hegglin, H. Wernli, and H. Fischer (2004). \u201cSeasonality and extent of extratropical TST derived from in-situ CO measurements during SPURT\u201d. In: <em>Atmos. Chem. Phys. <\/em>4.5, pp. 1427\u20131442. DOI: <a href=\"https:\/\/doi.org\/10.5194\/acp-4-1427-2004\">10.5194\/acp-4-1427-2004.<\/a><\/p>\n<p>Hoor, P., H. Wernli, M. I. Hegglin, and H. B\u00f6nisch (2010). \u201cTransport timescales and tracer properties in the extratropical UTLS\u201d. In: <em>Atmos. Chem. Phys. <\/em>10.16, pp. 7929\u20137944. DOI: <a href=\"https:\/\/doi.org\/10.5194\/acp-10-7929-2010\">10.5194\/acp-10-7929-2010.<\/a><\/p>\n<p>Khaykin, S. M., S. Godin-Beekmann, A. Hauchecorne, J. Pelon, F. Ravetta, and P. Keckhut (2018). \u201cStratospheric Smoke With Unprecedentedly High Backscatter Observed by Lidars Above Southern France\u201d. In: <em>Geophys. Res. Lett. <\/em>45.3, pp. 1639\u20131646. DOI: <a href=\"https:\/\/doi.org\/10.1002\/2017gl076763\">10.1002\/2017gl076763.<\/a><\/p>\n<p>Konopka, Paul, Felix Ploeger, Mengchu Tao, Thomas Birner, and Martin Riese (2015). \u201cHemispheric asymmetries and seasonality of mean age of air in the lower stratosphere: Deep versus shallow branch of the Brewer-Dobson circulation\u201d. In: <em>J. Geophys. Res. Atmos. <\/em>120.5, pp. 2053\u20132066. DOI: <a href=\"https:\/\/doi.org\/10.1002\/2014jd022429\">10.1002\/2014jd022429.<\/a><\/p>\n<p>Konopka, Paul, Felix Ploeger, Mengchu Tao, and Martin Riese (2016). \u201cZonally resolved impact of ENSO on the stratospheric circulation and water vapor entry values\u201d. In: <em>J. Geophys. Res. Atmos. <\/em>121.19, pp. 11, 486\u201311, 501. DOI: <a href=\"https:\/\/doi.org\/10.1002\/2015jd024698\">10.1002\/2015jd024698.<\/a><\/p>\n<p>Krause, Jens, Peter Hoor, Andreas Engel, Felix Pl\u00f6ger, Jens-Uwe Groo\u00df, Harald B\u00f6nisch, Timo Keber, Bj\u00f6rn-Martin Sinnhuber, Wolfgang Woiwode, and Hermann Oelhaf (2018). \u201cMixing and ageing in the polar lower stratosphere in winter 2015\u20132016\u201d. In: <em>Atmos. Chem. Phys. <\/em>18.8, pp. 6057\u20136073. DOI: <a href=\"https:\/\/doi.org\/10.5194\/acp-18-6057-2018\">10.5194\/acp-18-6057-2018.<\/a><\/p>\n<p>Kunkel, Daniel, Peter Hoor, and Volkmar Wirth (2014). \u201cCan inertia-gravity waves persistently alter the tropopause inversion layer?\u201d In: <em>Geophys. Res. Lett. <\/em>41.22, pp. 7822\u20137829. DOI: <a href=\"https:\/\/doi.org\/10.1002\/2014gl061970\">10.1002\/2014gl061970.<\/a><\/p>\n<p>Kunkel, D., P. Hoor, and V. Wirth (2016). \u201cThe tropopause inversion layer in baroclinic life-cycle experiments: the role of diabatic processes\u201d. In: <em>Atmos. Chem. Phys. <\/em>16.2, pp. 541\u2013560. DOI: <a href=\"https:\/\/doi.org\/10.5194\/acp-16-541-2016\">10.5194\/acp-16-541-2016.<\/a><\/p>\n<p>M\u00fcller, Rolf, Paul J. Crutzen, Jens-Uwe Groo\u00df, Christoph Br\u00fchl, James M. Russell, and Adrian F. Tuck (1996). \u201cChlorine activation and ozone depletion in the Arctic vortex: Observations by the Halogen Occultation Experiment on the Upper Atmosphere Research Satellite\u201d. In: <em>J. Geophys. Res. Atmos. <\/em>101.D7, pp. 12531\u201312554. DOI: <a href=\"https:\/\/doi.org\/10.1029\/95jd00220\">10.1029\/<\/a><a href=\"https:\/\/doi.org\/10.1029\/95jd00220\">95jd00220.<\/a><\/p>\n<p>M\u00fcller, Stefan, Peter Hoor, Heiko Bozem, Ellen Gute, B\u00e4rbel Vogel, Andreas Zahn, Harald B\u00f6nisch, Timo Keber, Martina Kr\u00e4mer, Christian Rolf, Martin Riese, Hans Schlager, and Andreas Engel (2016). \u201cImpact of the Asian monsoon on the extratropical lower stratosphere: trace gas observations during TACTS over Europe 2012\u201d. In: <em>Atmos. Chem. Phys. <\/em>16.16, pp. 10573\u201310589. DOI: <a href=\"https:\/\/doi.org\/10.5194\/acp-16-10573-2016\">10.5194\/acp-16-10573-2016.<\/a><\/p>\n<p>Ploeger, F., M. Abalos, T. Birner, P. Konopka, B. Legras, R. M\u00fcller, and M. Riese (2015). \u201cQuantifying the effects of mixing and residual circulation on trends of stratospheric mean age of air\u201d. In: <em>Geophys. Res. Lett. <\/em>42.6, pp. 2047\u2013 2054. DOI: <a href=\"https:\/\/doi.org\/10.1002\/2014gl062927\">10.1002\/2014gl062927.<\/a><\/p>\n<p>Ploeger, Felix and Thomas Birner (2016). \u201cSeasonal and inter-annual variability of lower stratospheric age of air spectra\u201d. In: <em>Atmos. Chem. Phys. <\/em>16.15, pp. 10195\u201310213. DOI: <a href=\"https:\/\/doi.org\/10.5194\/acp-16-10195-2016\">10.5194\/acp-16-10195-2016.<\/a><\/p>\n<p>Postel, Gregory A. and Matthew H. Hitchman (1999). \u201cA Climatology of Rossby Wave Breaking along the Subtropical Tropopause\u201d. In: <em>J. Atmos. Sci. <\/em>56.3, pp. 359\u2013373. DOI: 10.1175\/1520-0469(1999)056&lt;0359:acorwb&gt;2.0.co;2.<\/p>\n<p>Randel, William J. and Eric J. Jensen (2013). \u201cPhysical processes in the tropical tropopause layer and their roles in a changing climate\u201d. In: <em>Nat. Geosci. <\/em>6.3, pp. 169\u2013176. DOI: <a href=\"https:\/\/doi.org\/10.1038\/ngeo1733\">10.1038\/ngeo1733.<\/a><\/p>\n<p>Rolf, C., A. Afchine, H. Bozem, B. Buchholz, V. Ebert, T. Guggenmoser, P. Hoor, P. Konopka, E. Kretschmer, S. M\u00fcller, H. Schlager, N. Spelten, O. Sumin\u00b4ska-Ebersoldt, J. Ungermann, A. Zahn, and M. Kr\u00e4mer (2015). \u201cTrans- port of Antarctic stratospheric strongly dehydrated air into the troposphere observed during the HALO-ESMVal campaign 2012\u201d. In: <em>Atmos. Chem. Phys. <\/em>15.16, pp. 9143\u20139158. DOI: <a href=\"https:\/\/doi.org\/10.5194\/acp-15-9143-2015\">10.5194\/acp-15-9143-2015.<\/a><\/p>\n<p>Rolf, Christian, B\u00e4rbel Vogel, Peter Hoor, Armin Afchine, Gebhard G\u00fcnther, Martina Kr\u00e4mer, Rolf M\u00fcller, Stefan M\u00fcller, Nicole Spelten, and Martin Riese (2018). \u201cWater vapor increase in the lower stratosphere of the Northern Hemisphere due to the Asian monsoon anticyclone observed during the TACTS\/ESMVal campaigns\u201d. In: <em>Atmos. Chem. Phys. <\/em>18.4, pp. 2973\u20132983. DOI: <a href=\"https:\/\/doi.org\/10.5194\/acp-18-2973-2018\">10.5194\/acp-18-2973-2018.<\/a><\/p>\n<p>Simmonds, Ian and Kevin Keay (2000). \u201cMean Southern Hemisphere Extratropical Cyclone Behavior in the 40- Year NCEP\u2013NCAR Reanalysis\u201d. In: <em>J. Clim. <\/em>13.5, pp. 873\u2013885. DOI: <a href=\"https:\/\/doi.org\/10.1175\/1520-0442(2000)013%3c0873:mshecb%3e2.0.co;2\">10.1175\/1520-0442(2000)013&lt;0873:mshecb&gt;2.0.co;2.<\/a><\/p>\n<p>\u0160kerlak, B., M. Sprenger, and H. Wernli (2014). \u201cA global climatology of stratosphere\u2013troposphere exchange using the ERA-Interim data set from 1979 to 2011\u201d. In: <em>Atmos. Chem. Phys. <\/em>14.2, pp. 913\u2013937. DOI: <a href=\"https:\/\/doi.org\/10.5194\/acp-14-913-2014\">10.5194\/acp-14-<\/a><a href=\"https:\/\/doi.org\/10.5194\/acp-14-913-2014\">913-2014.<\/a><\/p>\n<p>\u0160kerlak, Bojan, Michael Sprenger, Stephan Pfahl, Evangelos Tyrlis, and Heini Wernli (2015). \u201cTropopause folds in ERA-Interim: Global climatology and relation to extreme weather events\u201d. In: <em>J. Geophys. Res. Atmos. <\/em>120.10, pp. 4860\u20134877. DOI: <a href=\"https:\/\/doi.org\/10.1002\/2014jd022787\">10.1002\/2014jd022787.<\/a><\/p>\n<p>Vogel, B\u00e4rbel, Gebhard G\u00fcnther, Rolf M\u00fcller, Jens-Uwe Groo\u00df, Armin Afchine, Heiko Bozem, Peter Hoor, Martina Kr\u00e4mer, Stefan M\u00fcller, Martin Riese, Christian Rolf, Nicole Spelten, Gabriele P. Stiller, J\u00f6rn Ungermann, and Andreas Zahn (2016). \u201cLong-range transport pathways of tropospheric source gases originating in Asia into the northern lower stratosphere during the Asian monsoon season 2012\u201d. In: <em>Atmos. Chem. Phys. <\/em>16.23, pp. 15301\u2013 15325. DOI: <a href=\"https:\/\/doi.org\/10.5194\/acp-16-15301-2016\">10.5194\/acp-16-15301-2016.<\/a><\/p>\n<p>Waugh, Darryn W. and Lorenzo M. Polvani (2000). \u201cClimatology of intrusions into the tropical upper troposphere\u201d. In: <em>Geophys. Res. Lett. <\/em>27.23, pp. 3857\u20133860. DOI: <a href=\"https:\/\/doi.org\/10.1029\/2000gl012250\">10.1029\/2000gl012250.<\/a><\/p>\n","protected":false},"excerpt":{"rendered":"<p>\u2190 back to Scientific Themes Coupling processes at the Southern Hemisphere tropopause: UTLS composition and dynamics in the southern hemisphere from observations and models In general, very little is known about the chemical composition of the SH UTLS, due to a lack of observations in this region. In particular water vapor shows maximum values in &hellip; <a href=\"https:\/\/www.pa.op.dlr.de\/southtrac\/home\/science\/scientific-themes\/theme-dyn-1\/\" class=\"more-link\">Continue reading <span class=\"screen-reader-text\">Theme DYN-1<\/span> <span class=\"meta-nav\">&rarr;<\/span><\/a><\/p>\n","protected":false},"author":8,"featured_media":0,"parent":195,"menu_order":1,"comment_status":"closed","ping_status":"closed","template":"","meta":{"footnotes":""},"class_list":["post-199","page","type-page","status-publish","hentry"],"_links":{"self":[{"href":"https:\/\/www.pa.op.dlr.de\/southtrac\/wp-json\/wp\/v2\/pages\/199","targetHints":{"allow":["GET"]}}],"collection":[{"href":"https:\/\/www.pa.op.dlr.de\/southtrac\/wp-json\/wp\/v2\/pages"}],"about":[{"href":"https:\/\/www.pa.op.dlr.de\/southtrac\/wp-json\/wp\/v2\/types\/page"}],"author":[{"embeddable":true,"href":"https:\/\/www.pa.op.dlr.de\/southtrac\/wp-json\/wp\/v2\/users\/8"}],"replies":[{"embeddable":true,"href":"https:\/\/www.pa.op.dlr.de\/southtrac\/wp-json\/wp\/v2\/comments?post=199"}],"version-history":[{"count":19,"href":"https:\/\/www.pa.op.dlr.de\/southtrac\/wp-json\/wp\/v2\/pages\/199\/revisions"}],"predecessor-version":[{"id":499,"href":"https:\/\/www.pa.op.dlr.de\/southtrac\/wp-json\/wp\/v2\/pages\/199\/revisions\/499"}],"up":[{"embeddable":true,"href":"https:\/\/www.pa.op.dlr.de\/southtrac\/wp-json\/wp\/v2\/pages\/195"}],"wp:attachment":[{"href":"https:\/\/www.pa.op.dlr.de\/southtrac\/wp-json\/wp\/v2\/media?parent=199"}],"curies":[{"name":"wp","href":"https:\/\/api.w.org\/{rel}","templated":true}]}}