{"id":576,"date":"2019-08-25T08:53:09","date_gmt":"2019-08-25T08:53:09","guid":{"rendered":"https:\/\/www.pa.op.dlr.de\/southtrac\/?page_id=576"},"modified":"2021-06-08T07:35:39","modified_gmt":"2021-06-08T07:35:39","slug":"media","status":"publish","type":"page","link":"https:\/\/www.pa.op.dlr.de\/southtrac\/home\/media\/","title":{"rendered":"Media Features"},"content":{"rendered":"<p>SouthTRAC in public media:<\/p>\n<p><a href=\"https:\/\/www.sciencemag.org\/news\/2020\/05\/aircraft-spies-gravity-waves-being-sucked-antarctica-s-polar-vortex\" target=\"_blank\" rel=\"noopener noreferrer\">[en] 12 May 2020, Science: Aircraft spies gravity waves being sucked into Antarctica\u2019s polar vortex<\/a><\/p>\n<p><a href=\"https:\/\/www.dlr.de\/content\/de\/downloads\/publikationen\/magazin\/2019_dlrmagazin-163.pdf?__blob=publicationFile&amp;v=6\" target=\"_blank\" rel=\"noopener noreferrer\">[de] 4 Dec 2019, DLR Magazin: Nachtflug \u00fcber Feuerland: Das Forschungsflugzeug HALO erforschte Schwerewellen in der Atmosph\u00e4re (pages 28-35)<\/a><\/p>\n<p><a href=\"https:\/\/www.fz-juelich.de\/SharedDocs\/Pressemitteilungen\/UK\/DE\/2019\/2019-12-02-interview-southtrac.html\" target=\"_blank\" rel=\"noopener noreferrer\">[de] 2 Dec 2019, Forschungszentrum J\u00fclich: J\u00fclicher Expertise zur COP 25<\/a><\/p>\n<p><a href=\"http:\/\/www.inach.cl\/inach\/?p=27309\" target=\"_blank\" rel=\"noopener noreferrer\">[es] 20 Nov 2019, Inach: Avi\u00f3n laboratorio alem\u00e1n que estudia la alta atm\u00f3sfera de la Ant\u00e1rtica visit\u00f3 Punta Arenas<\/a><\/p>\n<p><a href=\"https:\/\/laprensaaustral.cl\/cronica\/halo-el-avion-laboratorio-aleman-revelo-su-instrumentacion-de-primer-nivel-para-estudiar-la-alta-atmosfera\/\" target=\"_blank\" rel=\"noopener noreferrer\">[es] 17 Nov 2019, La Prensa Austral: Halo, el avi\u00f3n laboratorio alem\u00e1n revel\u00f3 su instrumentaci\u00f3n de primer nivel para estudiar la alta atm\u00f3sfera<\/a><\/p>\n<p><a href=\"https:\/\/www.diariojornada.com.ar\/259149\/sociedad\/cientificos_del_conicet_estudiaran_la_composicion_quimica_de_la_atmosfera\/\" target=\"_blank\" rel=\"noopener noreferrer\">[es] 13 Nov 2019, Jornada: <span id=\"ContentPlaceHolder1_lbl_Titulo\">Cient\u00edficos del CONICET estudiar\u00e1n la composici\u00f3n qu\u00edmica de la atm\u00f3sfera<\/span><\/a> (also at <a href=\"https:\/\/www.losandes.com.ar\/article\/view?slug=vuelo-a-la-atmosfera-para-estudiar-su-composicion\" target=\"_blank\" rel=\"noopener noreferrer\">Los Andes<\/a>)<\/p>\n<p><a href=\"https:\/\/ahoracalafate.com.ar\/nota\/12376\/vuelos-cientificos-cubrieron-toda-la-patagonia-\" target=\"_blank\" rel=\"noopener noreferrer\">[es] 21 Oct 2019, Ahora Calafate: Vuelos cient\u00edficos cubrieron toda la Patagonia<\/a><\/p>\n<p><a href=\"https:\/\/www.latercera.com\/que-pasa\/noticia\/chilenos-atmosfera-antartica\/831612\/\" target=\"_blank\" rel=\"noopener noreferrer\">[es] 12 Oct 2019, La Tercera: Los cient\u00edficos chilenos que buscan desentra\u00f1ar los misterios del cielo ant\u00e1rtico<\/a><\/p>\n<p>[es] 2 Oct 2019, Radio UNTDF\/Youtube: Entrevista con Andreas Engel (<a href=\"https:\/\/www.youtube.com\/watch?v=Qo5HNiGNglg\" target=\"_blank\" rel=\"noopener noreferrer\">1<\/a>\/<a href=\"https:\/\/www.youtube.com\/watch?v=H5MieHbh1ok\" target=\"_blank\" rel=\"noopener noreferrer\">2<\/a>)<\/p>\n<p><a href=\"http:\/\/www.frtdf.utn.edu.ar\/index.php\/news\/brindaron-una-charla-sobre-proyecto-southtrac\" target=\"_blank\" rel=\"noopener noreferrer\">[es] 19 Sep 2019, Universidad Tecnol\u00f3gica Nacional, Facultad Regional Tierra del Fuego: Brindaron una charla sobre proyecto &#8220;SouthTRAC&#8221;<\/a> (also at <a href=\"https:\/\/www.surenio.com.ar\/2019\/09\/charla-sobre-proyecto-southtrac\" target=\"_blank\" rel=\"noopener noreferrer\">El Sure\u00f1o<\/a> and <a href=\"https:\/\/www.delfuegonoticias.com.ar\/noticias\/provinciales-6\/brindaron-una-charla-sobre-proyecto-southtrac-22808#.XYGmhtwKux0.twitter\" target=\"_blank\" rel=\"noopener noreferrer\">del fuego noticias<\/a>)<\/p>\n<p><a href=\"https:\/\/www.luftfahrtmagazin.de\/umwelt\/southtrac-halo-messfluege-zu-ozon-und-schwerewellen-210470.html\" target=\"_blank\" rel=\"noopener noreferrer\">[de] 15 Sep 2019, Luftfahrtmagazin: SOUTHTRAC: HALO Messfl\u00fcge zu Ozon und Schwerewellen<\/a><\/p>\n<p><a href=\"https:\/\/www.clarin.com\/sociedad\/haran-pais-mediciones-ineditas-atmosfera-lograr-pronosticos-clima-precisos_0_DnHAjZUr0.html\" target=\"_blank\" rel=\"noopener noreferrer\">[es] 9 Sep 2019, Clar\u00edn: Har\u00e1n en el pa\u00eds mediciones in\u00e9ditas de la atm\u00f3sfera para lograr pron\u00f3sticos del clima m\u00e1s precisos<\/a> (also at <a href=\"https:\/\/laciudadavellaneda.com.ar\/campana-southtrac-lanzan-una-campana-sin-precedentes-para-estudiar-la-atmosfera\/\" target=\"_blank\" rel=\"noopener noreferrer\">la Ciudad<\/a>; following a news release by CONICET)<\/p>\n<p><a href=\"http:\/\/www.ndaccdemo.org\/news\/2019\/09\/southtrac-aircraft-campaign-started-coordination-ndacc-activities\" target=\"_blank\" rel=\"noopener noreferrer\">[en] Sep 2019, NDACC: The SouthTRAC aircraft campaign started: coordination with NDACC activities<\/a><\/p>\n<p><a href=\"https:\/\/www.elmostrador.cl\/destacado\/2019\/08\/25\/investigadores-detectan-calentamiento-estratosferico-subito-en-la-antartica\/\" target=\"_blank\" rel=\"noopener noreferrer\">[es] 25 Aug 2019, El Mostrador: Investigadores detectan calentamiento &#8220;estratosf\u00e9rico s\u00fabito&#8221; en la Ant\u00e1rtica<\/a><\/p>\n<p><a href=\"https:\/\/www.sueddeutsche.de\/muenchen\/starnberg\/oberpfaffenhofen-dlr-startet-forschungsfluege-1.4573851\" target=\"_blank\" rel=\"noopener noreferrer\">[de] 23 Aug 2019, S\u00fcddeutsche Zeitung: DLR startet Forschungsfl\u00fcge<\/a><\/p>\n<p><a href=\"https:\/\/www.youtube.com\/watch?v=aag86esFGuY\" target=\"_blank\" rel=\"noopener noreferrer\">[de] 12 Aug 2019, Forschungszentrum J\u00fclich\/Youtube: HALO campaign SOUTHTRAC in Argentina<\/a><\/p>\n<p><a href=\"https:\/\/www.aachener-zeitung.de\/wir-hier\/irene-bartolome-forscht-mit-ergebnissen-des-halo-flugzeugs_aid-44714855\" target=\"_blank\" rel=\"noopener noreferrer\">[de] 2 Aug 2019, Aachener Zeitung: Die Macht der Eiswolken verstehen<\/a><\/p>\n","protected":false},"excerpt":{"rendered":"<p>SouthTRAC in public media: [en] 12 May 2020, Science: Aircraft spies gravity waves being sucked into Antarctica\u2019s polar vortex [de] 4 Dec 2019, DLR Magazin: Nachtflug \u00fcber Feuerland: Das Forschungsflugzeug HALO erforschte Schwerewellen in der Atmosph\u00e4re (pages 28-35) [de] 2 Dec 2019, Forschungszentrum J\u00fclich: J\u00fclicher Expertise zur COP 25 [es] 20 Nov 2019, Inach: Avi\u00f3n &hellip; <a href=\"https:\/\/www.pa.op.dlr.de\/southtrac\/home\/media\/\" class=\"more-link\">Continue reading <span class=\"screen-reader-text\">Media Features<\/span> <span class=\"meta-nav\">&rarr;<\/span><\/a><\/p>\n","protected":false},"author":8,"featured_media":0,"parent":88,"menu_order":7,"comment_status":"closed","ping_status":"closed","template":"","meta":{"footnotes":""},"class_list":["post-576","page","type-page","status-publish","hentry"],"_links":{"self":[{"href":"https:\/\/www.pa.op.dlr.de\/southtrac\/wp-json\/wp\/v2\/pages\/576","targetHints":{"allow":["GET"]}}],"collection":[{"href":"https:\/\/www.pa.op.dlr.de\/southtrac\/wp-json\/wp\/v2\/pages"}],"about":[{"href":"https:\/\/www.pa.op.dlr.de\/southtrac\/wp-json\/wp\/v2\/types\/page"}],"author":[{"embeddable":true,"href":"https:\/\/www.pa.op.dlr.de\/southtrac\/wp-json\/wp\/v2\/users\/8"}],"replies":[{"embeddable":true,"href":"https:\/\/www.pa.op.dlr.de\/southtrac\/wp-json\/wp\/v2\/comments?post=576"}],"version-history":[{"count":27,"href":"https:\/\/www.pa.op.dlr.de\/southtrac\/wp-json\/wp\/v2\/pages\/576\/revisions"}],"predecessor-version":[{"id":1216,"href":"https:\/\/www.pa.op.dlr.de\/southtrac\/wp-json\/wp\/v2\/pages\/576\/revisions\/1216"}],"up":[{"embeddable":true,"href":"https:\/\/www.pa.op.dlr.de\/southtrac\/wp-json\/wp\/v2\/pages\/88"}],"wp:attachment":[{"href":"https:\/\/www.pa.op.dlr.de\/southtrac\/wp-json\/wp\/v2\/media?parent=576"}],"curies":[{"name":"wp","href":"https:\/\/api.w.org\/{rel}","templated":true}]}}